{"id":313,"date":"2016-02-16T09:01:34","date_gmt":"2016-02-16T09:01:34","guid":{"rendered":"http:\/\/www.spm-gmbh.at\/?page_id=313"},"modified":"2019-05-05T08:30:57","modified_gmt":"2019-05-05T08:30:57","slug":"unternehmen","status":"publish","type":"page","link":"https:\/\/www.spm-gmbh.at\/?page_id=313","title":{"rendered":"Unternehmen"},"content":{"rendered":"<section class=\"section  text-normal section-text-no-shadow section-inner-no-shadow section-normal section-opaque\"  >\n    \n    <div class=\"background-overlay grid-overlay-0 \" style=\"background-color: rgba(0,0,0,0);\"><\/div>\n\n    <div class=\"container-fullwidth container-vertical-default\">\n        <div class=\"row vertical-default\">\n            <div class=\"col-md-12     text-default small-screen-default\"  ><div class=\"divider-wrapper \" style=\"visibility:hidden;background-color:#FFFFFF\">\n    <div class=\"visible-xs\" style=\"height:24px;\"><\/div>\n    <div class=\"visible-sm\" style=\"height:40px;\"><\/div>\n    <div class=\"visible-md\" style=\"height:50px;\"><\/div>\n    <div class=\"visible-lg\" style=\"height:60px;\"><\/div>\n<\/div><div class=\"list-container row  element-top-0 element-bottom-50 os-animation\" data-os-animation=\"fadeInUp\" data-os-animation-delay=\"0.1s\">\n<div class=\"col-md-4 text-normal element-top-0 element-bottom-20 text-center os-animation\" data-os-animation=\"fadeInUp\" data-os-animation-delay=\"0.1s\">\n                        <span class=\"service-simple-image\">\n                                                            <img loading=\"lazy\" decoding=\"async\" width=\"100\" height=\"100\" src=\"https:\/\/www.spm-gmbh.at\/wp-content\/uploads\/2016\/02\/idea.png\" class=\"attachment-none-image size-none-image\" alt=\"Time to market\" \/>                                                <\/span>\n                        <h2>\n                        Time to market                    <\/h2>\n                <p>Sehr schnelle Reaktions- und Lieferzeiten z\u00e4hlen zu den gr\u00f6\u00dften St\u00e4rken von SPM Pr\u00e4zisionsmechanik. Die angefertigten Bauteile bestechen trotzdem mit hoher Pr\u00e4zision.<\/p>\n        <\/div><div class=\"col-md-4 text-normal element-top-0 element-bottom-20 text-center os-animation\" data-os-animation=\"fadeInUp\" data-os-animation-delay=\"0.2s\">\n                        <span class=\"service-simple-image\">\n                                                            <img loading=\"lazy\" decoding=\"async\" width=\"100\" height=\"100\" src=\"https:\/\/www.spm-gmbh.at\/wp-content\/uploads\/2016\/02\/development.png\" class=\"attachment-none-image size-none-image\" alt=\"Daten\u00fcbernahme\" \/>                                                <\/span>\n                        <h2>\n                        Daten\u00fcbernahme                    <\/h2>\n                <p>Selbst f\u00fcr komplizierte Geh\u00e4use und Blechteile sind wenige Minuten nach Eingang der 3D-Daten die fertigen Produktionsdaten und NC-Texte erstellt.<\/p>\n        <\/div><div class=\"col-md-4 text-normal element-top-0 element-bottom-20 text-center os-animation\" data-os-animation=\"fadeInUp\" data-os-animation-delay=\"0.3s\">\n                        <span class=\"service-simple-image\">\n                                                            <img loading=\"lazy\" decoding=\"async\" width=\"100\" height=\"100\" src=\"https:\/\/www.spm-gmbh.at\/wp-content\/uploads\/2016\/02\/time.png\" class=\"attachment-none-image size-none-image\" alt=\"Entwicklung\" \/>                                                <\/span>\n                        <h2>\n                        Entwicklung                    <\/h2>\n                <p>Sollte Ihr Unternehmen \u00fcber keine eigene Entwicklungsabteilung verf\u00fcgen, vermittelt SPM Pr\u00e4zisionsmechnik die Entwicklung der n\u00f6tigen Bauteile gerne f\u00fcr Sie.<\/p>\n        <\/div><\/div><div class=\"row \"><div class=\"col-md-6     text-default small-screen-default\"  ><div class=\"col-text-1 text-normal  element-top-20 element-bottom-20\" data-os-animation=\"none\" data-os-animation-delay=\"0s\">\n    <p>Das Unternehmen SPM Pr\u00e4zisionsmechanik GmbH ist ein in \u00d6sterreich ans\u00e4ssiger Lohnfertiger f\u00fcr Blech- und Geh\u00e4useteile. Bekannt ist SPM f\u00fcr die Fertigung von besonders ausgefallenen, pr\u00e4zisen Elektronikgeh\u00e4usen aller Art und k\u00fcrzeste Lieferzeiten. In der Arbeitsvorbereitung nutzt das Unternehmen zur Entwicklung, Abwicklung und CNC-Programmierung der Komponenten L\u00f6sungen von \u201aBlechwelt\u2018.<\/p>\n<p>Herr Eberherr, Gesch\u00e4ftsf\u00fchrer der SPM, berichtet \u00fcber die Abl\u00e4ufe in der Arbeitsvorbereitung: \u201a95% unserer Kunden liefern uns die Konstruktionen der Geh\u00e4use als STEP oder SAT-Datei. Diese Daten wickeln wir mit AutoPOL ab und JETCAM \u00fcbernimmt in Anschluss die Werkzeugbelegung und das Nesting.\u2018<\/p>\n<p>Zur Produktion der Abwicklung stehen moderne Stanzmaschinen zur Verf\u00fcgung. Das Abkanten \u00fcbernehmen CNC-Abkantpressen sowie ein Biegeroboter.<\/p>\n<p>Selbst f\u00fcr komplizierte Geh\u00e4use haben wir in wenigen Minuten nach Eingang der 3D-Daten die fertigen Produktionsdaten und NC-Texte erstellt \u2013 fr\u00fcher hat uns das Stunden gekostet.\u2018<\/p>\n<\/div>\n<\/div><div class=\"col-md-6     text-default small-screen-default\"  ><div class=\"col-text-1 text-normal  element-top-20 element-bottom-20\" data-os-animation=\"none\" data-os-animation-delay=\"0s\">\n    <p>Auch Prototypen und Kleinserien kann SPM so kosteng\u00fcnstig fertigen.<br \/>\nEgal ob St\u00fcckzahl eins oder 500.<\/p>\n<p>Wenn erforderlich, k\u00f6nnen wir mit dem AutoPOL-Abwickler produktionssicher Toleranzen von unter 0.05 mm einhalten. Hierf\u00fcr m\u00fcssen wir zwar die einzelnen Materialchargen akribisch auf Ihre Dicke \u00fcberpr\u00fcfen \u2013 aber einige Kunden legen darauf Wert.\u2018<\/p>\n<p>SPM zeigt eindrucksvoll, wie auch ein kleineres Unternehmen, h\u00f6chste industrielle Standards nicht nur mit minimalem Zeitaufwand in einer schlanken Arbeitsvorbereitung erf\u00fcllen kann, sondern auch bez\u00fcglich Pr\u00e4zision und Lieferzeiten neue Ma\u00dfst\u00e4be zu setzen vermag.<\/p>\n<\/div>\n<\/div><\/div><\/div>        <\/div>\n    <\/div>\n<\/section>\n<section class=\"section  text-normal section-text-no-shadow section-inner-no-shadow section-normal section-opaque\"  >\n    \n    <div class=\"background-overlay grid-overlay-0 \" style=\"background-color: rgba(0,0,0,0);\"><\/div>\n\n    <div class=\"container container-vertical-default\">\n        <div class=\"row vertical-default\">\n            <div class=\"col-md-12     text-default small-screen-default\"  ><div class=\"divider-border  divider-border-center element-top-10 element-bottom-10 os-animation\" data-os-animation=\"fadeIn\" data-os-animation-delay=\"0.1s\"  style=\"height:3px;\">\n    <div class=\"divider-border-inner\"  style=\"width:60px;\"><\/div>\n<\/div><div class=\" element-top-40 element-bottom-20\" data-os-animation=\"none\" data-os-animation-delay=\"0s\" ><iframe loading=\"lazy\" title=\"Prima Power e5x - ep - AutoPOL unfolder - programmiert mit blechwelt - SPM - cadcam nesting software\" width=\"1170\" height=\"658\" src=\"https:\/\/www.youtube.com\/embed\/9tTcQn9bA4Q?feature=oembed\" frameborder=\"0\" allow=\"accelerometer; autoplay; encrypted-media; gyroscope; picture-in-picture\" allowfullscreen><\/iframe><\/div><\/div>        <\/div>\n    <\/div>\n<\/section>\n<section class=\"section  text-normal section-text-no-shadow section-inner-no-shadow section-normal section-opaque\"  >\n    \n    <div class=\"background-overlay grid-overlay-0 \" style=\"background-color: rgba(1,192,225,1);\"><\/div>\n\n    <div class=\"container container-vertical-middle\">\n        <div class=\"row vertical-middle\">\n            <div class=\"col-md-9     text-default small-screen-default\"  ><h2 class=\"text-center  element-top-60 element-bottom-60 text-light os-animation big light\" data-os-animation=\"fadeInLeft\" data-os-animation-delay=\"0s\" >\n    SIE BEN\u00d6TIGEN EINEN KOMPETENTEN LOHNFERTIGER F\u00dcR IHR BUSINESS?<\/h2><\/div><div class=\"col-md-3     text-center small-screen-default\"  ><a href=\"http:\/\/contact\" class=\"btn btn-primary btn-lg  text-light btn-icon-right  element-left-0 element-right-0 element-top-60 element-bottom-60\" target=\"_self\"   data-os-animation=\"none\" data-os-animation-delay=\"0s\">\n\t    Treten Sie mit uns in Kontakt     \t    <i class=\"fa fa-comment-o\"  data-animation=\"tada\"><\/i>\n\t<\/a><\/div>        <\/div>\n    <\/div>\n<\/section>\n","protected":false},"excerpt":{"rendered":"Time Tracking Get it now and get your bussiness going. With a discount you can buy it now and If you&#039;re not completely happy, you can cancel within 30 days and get a full refund. Sign up now Basic $ 9.99 1 user 2 hours 10 Megabytes 100 SMS get it Silver $ 19.99 10","protected":false},"author":2,"featured_media":0,"parent":0,"menu_order":0,"comment_status":"closed","ping_status":"closed","template":"","meta":{"_monsterinsights_skip_tracking":false,"_monsterinsights_sitenote_active":false,"_monsterinsights_sitenote_note":"","_monsterinsights_sitenote_category":0,"footnotes":""},"class_list":["post-313","page","type-page","status-publish","hentry"],"_links":{"self":[{"href":"https:\/\/www.spm-gmbh.at\/index.php?rest_route=\/wp\/v2\/pages\/313","targetHints":{"allow":["GET"]}}],"collection":[{"href":"https:\/\/www.spm-gmbh.at\/index.php?rest_route=\/wp\/v2\/pages"}],"about":[{"href":"https:\/\/www.spm-gmbh.at\/index.php?rest_route=\/wp\/v2\/types\/page"}],"author":[{"embeddable":true,"href":"https:\/\/www.spm-gmbh.at\/index.php?rest_route=\/wp\/v2\/users\/2"}],"replies":[{"embeddable":true,"href":"https:\/\/www.spm-gmbh.at\/index.php?rest_route=%2Fwp%2Fv2%2Fcomments&post=313"}],"version-history":[{"count":17,"href":"https:\/\/www.spm-gmbh.at\/index.php?rest_route=\/wp\/v2\/pages\/313\/revisions"}],"predecessor-version":[{"id":818,"href":"https:\/\/www.spm-gmbh.at\/index.php?rest_route=\/wp\/v2\/pages\/313\/revisions\/818"}],"wp:attachment":[{"href":"https:\/\/www.spm-gmbh.at\/index.php?rest_route=%2Fwp%2Fv2%2Fmedia&parent=313"}],"curies":[{"name":"wp","href":"https:\/\/api.w.org\/{rel}","templated":true}]}}