{"id":361,"date":"2016-02-18T08:05:10","date_gmt":"2016-02-18T08:05:10","guid":{"rendered":"http:\/\/www.spm-gmbh.at\/?page_id=361"},"modified":"2019-08-21T06:06:29","modified_gmt":"2019-08-21T06:06:29","slug":"dienstleistungen","status":"publish","type":"page","link":"https:\/\/www.spm-gmbh.at\/?page_id=361","title":{"rendered":"Dienstleistungen"},"content":{"rendered":"<section class=\"section  text-normal section-text-no-shadow section-inner-no-shadow section-normal section-opaque\"  >\n    \n    <div class=\"background-overlay grid-overlay-0 \" style=\"background-color: rgba(0,0,0,0);\"><\/div>\n\n    <div class=\"container container-vertical-default\">\n        <div class=\"row vertical-default\">\n            <div class=\"col-md-12     text-default small-screen-default\"  ><div class=\"divider-wrapper \" style=\"visibility:hidden;background-color:#FFFFFF\">\n    <div class=\"visible-xs\" style=\"height:24px;\"><\/div>\n    <div class=\"visible-sm\" style=\"height:40px;\"><\/div>\n    <div class=\"visible-md\" style=\"height:50px;\"><\/div>\n    <div class=\"visible-lg\" style=\"height:60px;\"><\/div>\n<\/div><h1 class=\"text-center  element-top-70 element-bottom-0 text-normal os-animation big default\" data-os-animation=\"fadeIn\" data-os-animation-delay=\"0s\" >\n    DIENSTLEISTUNGSANGEBOT<\/h1><p class=\"lead text-center center  text-normal element-top-0 element-bottom-40 os-animation \" data-os-animation=\"fadeIn\" data-os-animation-delay=\"0.2s\">Stetige Investitionen sowohl im Bereich Mitarbeiter Aus- und Weiterblidung als auch in die neuesten Maschinen und Steuerungen stellen sicher, dass Kunden von SPM Pr\u00e4zisionsmechanik heute und in Zukunft h\u00f6chste Produktqualit\u00e4t erwarten k\u00f6nnen.<\/p><div class=\"list-container row  element-top-0 element-bottom-50 os-animation\" data-os-animation=\"fadeInUp\" data-os-animation-delay=\"0.1s\">\n<div class=\"col-md-4 text-normal element-top-0 element-bottom-20 text-center os-animation\" data-os-animation=\"fadeInUp\" data-os-animation-delay=\"0.1s\">\n                        <span class=\"service-simple-image\">\n                                                            <img loading=\"lazy\" decoding=\"async\" width=\"100\" height=\"100\" src=\"https:\/\/www.spm-gmbh.at\/wp-content\/uploads\/2016\/02\/idea.png\" class=\"attachment-none-image size-none-image\" alt=\"Time to market\" \/>                                                <\/span>\n                        <h2>\n                        Time to market                    <\/h2>\n                <p>Sehr schnelle Reaktions- und Lieferzeiten z\u00e4hlen zu den gr\u00f6\u00dften St\u00e4rken von SPM Pr\u00e4zisionsmechanik. Die angefertigten Bauteile bestechen trotzdem mit hoher Pr\u00e4zision.<\/p>\n        <\/div><div class=\"col-md-4 text-normal element-top-0 element-bottom-20 text-center os-animation\" data-os-animation=\"fadeInUp\" data-os-animation-delay=\"0.2s\">\n                        <span class=\"service-simple-image\">\n                                                            <img loading=\"lazy\" decoding=\"async\" width=\"100\" height=\"100\" src=\"https:\/\/www.spm-gmbh.at\/wp-content\/uploads\/2016\/02\/development.png\" class=\"attachment-none-image size-none-image\" alt=\"Daten\u00fcbernahme\" \/>                                                <\/span>\n                        <h2>\n                        Daten\u00fcbernahme                    <\/h2>\n                <p>Selbst f\u00fcr komplizierte Geh\u00e4use und Blechteile sind wenige Minuten nach Eingang der 3D-Daten die fertigen Produktionsdaten und NC-Texte erstellt.<\/p>\n        <\/div><div class=\"col-md-4 text-normal element-top-0 element-bottom-20 text-center os-animation\" data-os-animation=\"fadeInUp\" data-os-animation-delay=\"0.3s\">\n                        <span class=\"service-simple-image\">\n                                                            <img loading=\"lazy\" decoding=\"async\" width=\"100\" height=\"100\" src=\"https:\/\/www.spm-gmbh.at\/wp-content\/uploads\/2016\/02\/time.png\" class=\"attachment-none-image size-none-image\" alt=\"Entwicklung\" \/>                                                <\/span>\n                        <h2>\n                        Entwicklung                    <\/h2>\n                <p>Sollte Ihr Unternehmen \u00fcber keine eigene Entwicklungsabteilung verf\u00fcgen, vermittelt SPM Pr\u00e4zisionsmechnik die Entwicklung der n\u00f6tigen Bauteile gerne f\u00fcr Sie.<\/p>\n        <\/div><\/div><\/div>        <\/div>\n    <\/div>\n<\/section>\n<section class=\"section  text-normal section-text-no-shadow section-inner-no-shadow section-normal section-opaque\"  >\n    \n    <div class=\"background-overlay grid-overlay-0 \" style=\"background-color: rgba(0,0,0,0);\"><\/div>\n\n    <div class=\"container container-vertical-default\">\n        <div class=\"row vertical-default\">\n            <div class=\"col-md-12     text-default small-screen-default\"  ><div class=\"col-text-1 text-normal  element-top-20 element-bottom-20\" data-os-animation=\"none\" data-os-animation-delay=\"0s\">\n    <p style=\"text-align: center;\"><strong>Langj\u00e4hrige Branchenerfahrungen, technologisch am Puls der Zeit sowie bestens ausgebildete Techniker hat es sich SPM Pr\u00e4zisionsmechanik zum Auftrag gemacht, Sie als Kunden durch jede Phase Ihrer Projekte zu begleiten.<\/strong><\/p>\n<p>&nbsp;<\/p>\n<p><strong>Das SPM Dienstleistungsangebot:<\/strong><\/p>\n<ul>\n<li style=\"text-align: left;\">Projektbetreuung von der Startphase bis zur Umsetzung<\/li>\n<li style=\"text-align: left;\">Probleml\u00f6ser bei Planungs- und Umsetzungsproblemen<\/li>\n<li style=\"text-align: left;\">Schnelle Herstellung Ihrer Prototypen<\/li>\n<li style=\"text-align: left;\">Serienproduzent von 10 St\u00fcck bis zu Ihrem gesamten Jahresbedarf<\/li>\n<li style=\"text-align: left;\">Systemanbieter vom Rohmaterial bis hin zum fertigen Produkt<\/li>\n<li style=\"text-align: left;\">Oberfl\u00e4chenveredelungen<\/li>\n<li style=\"text-align: left;\">Montage<\/li>\n<\/ul>\n<p>&nbsp;<\/p>\n<p style=\"text-align: center;\"><strong>F\u00fcr Anfragen und Auftragserteilungen nutzen Sie bitte unser Kontaktformular Sie k\u00f6nnen uns vorab auch gerne Ihre Pl\u00e4ne und Unterlagen mitsenden!<\/strong><\/p>\n<\/div>\n<\/div>        <\/div>\n    <\/div>\n<\/section>\n<section class=\"section  text-normal section-text-no-shadow section-inner-no-shadow section-normal section-opaque\"  >\n    \n    <div class=\"background-overlay grid-overlay-0 \" style=\"background-color: rgba(1,192,225,1);\"><\/div>\n\n    <div class=\"container container-vertical-middle\">\n        <div class=\"row vertical-middle\">\n            <div class=\"col-md-9     text-default small-screen-default\"  ><h2 class=\"text-center  element-top-60 element-bottom-60 text-light os-animation big light\" data-os-animation=\"fadeInLeft\" data-os-animation-delay=\"0s\" >\n    SIE BEN\u00d6TIGEN EINEN KOMPETENTEN LOHNFERTIGER F\u00dcR IHR BUSINESS?<\/h2><\/div><div class=\"col-md-3     text-center small-screen-default\"  ><a href=\"https:\/\/www.spm-gmbh.at\/?page_id=138\" class=\"btn btn-primary btn-lg  text-light btn-icon-right  element-left-0 element-right-0 element-top-60 element-bottom-60\" target=\"_self\"   data-os-animation=\"none\" data-os-animation-delay=\"0s\">\n\t    Treten Sie mit uns in Kontakt     \t    <i class=\"fa fa-comment-o\"  data-animation=\"tada\"><\/i>\n\t<\/a><\/div>        <\/div>\n    <\/div>\n<\/section>\n<section class=\"section  text-normal section-text-no-shadow section-inner-no-shadow section-normal section-opaque\"  >\n    \n    <div class=\"background-overlay grid-overlay-0 \" style=\"background-color: rgba(0,0,0,0);\"><\/div>\n\n    <div class=\"container container-vertical-default\">\n        <div class=\"row vertical-default\">\n            <div class=\"col-md-12     text-default small-screen-default\"  ><h1 class=\"text-center  element-top-70 element-bottom-70 text-normal os-animation big default\" data-os-animation=\"fadeIn\" data-os-animation-delay=\"0s\" >\n    VERF\u00dcGBARE TECHNOLOGIEN SPM PR\u00c4ZISIONSMECHANIK<\/h1><div class=\"portfolio-container  element-top-0 element-bottom-60 text-normal\"><div class=\"row\">\r\n    <div class=\"col-md-12\">\r\n        <div class=\"portfolio-header clearfix\">\r\n                        <div class=\"portfolio-filters pull-right\">\r\n                                                            <\/div>\r\n        <\/div>\r\n    <\/div>\r\n<\/div>\r\n<div class=\"portfolio masonry no-transition magnific-all\" data-padding=\"15\" data-col-xs=\"1\" data-col-sm=\"3\" data-col-md=\"3\" data-col-lg=\"3\" data-layout=\"fitRows\">\n                \n            <div class=\"masonry-item portfolio-item filter-spm-technologien\" data-menu-order=\"1\" data-date=\"2014-09-23T03:03:17+00:00\" data-title=\"Laserschneiden &#038; Stanzen\" data-comments=\"0\">\n                <div class=\"figure  element-top-0 element-bottom-0 portfolio-os-animation image-filter-blur image-filter-onhover fade-in from-right text-center figcaption-middle normalwidth\" data-os-animation=\"bounceInDown\" data-os-animation-delay=\"0s\">\n            <span class=\"figure-image\">\n        <img loading=\"lazy\" decoding=\"async\" width=\"800\" height=\"600\" src=\"https:\/\/www.spm-gmbh.at\/wp-content\/uploads\/2024\/09\/IMG_9333-800x600.jpg\" class=\"normalwidth\" alt=\"Laserschneiden &#038; Stanzen\" \/>        <div class=\"figure-overlay grid-overlay-0\">\n        <div class=\"figure-overlay-container\">\n                            <div class=\"figure-caption\">\n                                            <h4 class=\"figure-caption-title element-small-bottom bordered bordered-small\">Laserschneiden &#038; Stanzen<\/h4>\n                                        <p class=\"figure-caption-description\">\n                        <a href=\"https:\/\/www.spm-gmbh.at\/wp-content\/uploads\/2024\/09\/IMG_9333.jpg\" class=\"btn btn-primary magnific image-all\" data-links=\"\">Vergr\u00f6\u00dfern<\/a>\n                        <a href=\"https:\/\/www.spm-gmbh.at\/?page_id=368\" class=\"btn btn-primary\" target=\"_self\">Mehr erfahren<\/a>\n                    <\/p>\n                <\/div>\n                    <\/div>\n    <\/div>\n    \n            <\/span>\n    \n    <div class=\"figure-caption text-center\">\n        <h3 class=\"figure-caption-title bordered bordered-small bordered-link\">\n                            <a href=\"https:\/\/www.spm-gmbh.at\/?page_id=368\" class=\"\" data-links=\"\" target=\"_self\">\n                        Laserschneiden &#038; Stanzen                            <\/a>\n                    <\/h3>\n        <p class=\"figure-caption-description\"><\/p>\n    <\/div>\n<\/div>            <\/div>\n                        \n            <div class=\"masonry-item portfolio-item filter-drinks filter-spm-technologien\" data-menu-order=\"2\" data-date=\"2014-09-23T01:28:17+00:00\" data-title=\"Kanten\" data-comments=\"0\">\n                <div class=\"figure  element-top-0 element-bottom-0 portfolio-os-animation image-filter-blur image-filter-onhover fade-in from-right text-center figcaption-middle normalwidth\" data-os-animation=\"bounceInDown\" data-os-animation-delay=\"0.1s\">\n            <span class=\"figure-image\">\n        <img loading=\"lazy\" decoding=\"async\" width=\"800\" height=\"600\" src=\"https:\/\/www.spm-gmbh.at\/wp-content\/uploads\/2016\/02\/IMG_4849_1-800x600.jpg\" class=\"normalwidth\" alt=\"Kanten\" \/>        <div class=\"figure-overlay grid-overlay-0\">\n        <div class=\"figure-overlay-container\">\n                            <div class=\"figure-caption\">\n                                            <h4 class=\"figure-caption-title element-small-bottom bordered bordered-small\">Kanten<\/h4>\n                                        <p class=\"figure-caption-description\">\n                        <a href=\"https:\/\/www.spm-gmbh.at\/wp-content\/uploads\/2016\/02\/IMG_4849_1.jpg\" class=\"btn btn-primary magnific image-all\" data-links=\"\">Vergr\u00f6\u00dfern<\/a>\n                        <a href=\"https:\/\/www.spm-gmbh.at\/?page_id=391\" class=\"btn btn-primary\" target=\"_self\">Mehr erfahren<\/a>\n                    <\/p>\n                <\/div>\n                    <\/div>\n    <\/div>\n    \n            <\/span>\n    \n    <div class=\"figure-caption text-center\">\n        <h3 class=\"figure-caption-title bordered bordered-small bordered-link\">\n                            <a href=\"https:\/\/www.spm-gmbh.at\/?page_id=391\" class=\"\" data-links=\"\" target=\"_self\">\n                        Kanten                            <\/a>\n                    <\/h3>\n        <p class=\"figure-caption-description\"><\/p>\n    <\/div>\n<\/div>            <\/div>\n                        \n            <div class=\"masonry-item portfolio-item filter-spm filter-spm-technologien\" data-menu-order=\"4\" data-date=\"2014-09-23T07:03:17+00:00\" data-title=\"Einpressen\" data-comments=\"0\">\n                <div class=\"figure  element-top-0 element-bottom-0 portfolio-os-animation image-filter-blur image-filter-onhover fade-in from-right text-center figcaption-middle normalwidth\" data-os-animation=\"bounceInDown\" data-os-animation-delay=\"0.2s\">\n            <span class=\"figure-image\">\n        <img loading=\"lazy\" decoding=\"async\" width=\"800\" height=\"600\" src=\"https:\/\/www.spm-gmbh.at\/wp-content\/uploads\/2016\/02\/IMG_4991_1-800x600.jpg\" class=\"normalwidth\" alt=\"Einpressen\" \/>        <div class=\"figure-overlay grid-overlay-0\">\n        <div class=\"figure-overlay-container\">\n                            <div class=\"figure-caption\">\n                                            <h4 class=\"figure-caption-title element-small-bottom bordered bordered-small\">Einpressen<\/h4>\n                                        <p class=\"figure-caption-description\">\n                        <a href=\"https:\/\/www.spm-gmbh.at\/wp-content\/uploads\/2016\/02\/IMG_4991_1.jpg\" class=\"btn btn-primary magnific image-all\" data-links=\"\">Vergr\u00f6\u00dfern<\/a>\n                        <a href=\"https:\/\/www.spm-gmbh.at\/?page_id=393\" class=\"btn btn-primary\" target=\"_self\">Mehr erfahren<\/a>\n                    <\/p>\n                <\/div>\n                    <\/div>\n    <\/div>\n    \n            <\/span>\n    \n    <div class=\"figure-caption text-center\">\n        <h3 class=\"figure-caption-title bordered bordered-small bordered-link\">\n                            <a href=\"https:\/\/www.spm-gmbh.at\/?page_id=393\" class=\"\" data-links=\"\" target=\"_self\">\n                        Einpressen                            <\/a>\n                    <\/h3>\n        <p class=\"figure-caption-description\"><\/p>\n    <\/div>\n<\/div>            <\/div>\n                        \n            <div class=\"masonry-item portfolio-item filter-spm-technologien\" data-menu-order=\"6\" data-date=\"2014-09-23T02:03:17+00:00\" data-title=\"Montage\" data-comments=\"0\">\n                <div class=\"figure  element-top-0 element-bottom-0 portfolio-os-animation image-filter-blur image-filter-onhover fade-in from-right text-center figcaption-middle normalwidth\" data-os-animation=\"bounceInDown\" data-os-animation-delay=\"0.3s\">\n            <span class=\"figure-image\">\n        <img loading=\"lazy\" decoding=\"async\" width=\"800\" height=\"533\" src=\"https:\/\/www.spm-gmbh.at\/wp-content\/uploads\/2019\/06\/IMG_1822.jpg\" class=\"normalwidth\" alt=\"Montage\" \/>        <div class=\"figure-overlay grid-overlay-0\">\n        <div class=\"figure-overlay-container\">\n                            <div class=\"figure-caption\">\n                                            <h4 class=\"figure-caption-title element-small-bottom bordered bordered-small\">Montage<\/h4>\n                                        <p class=\"figure-caption-description\">\n                        <a href=\"https:\/\/www.spm-gmbh.at\/wp-content\/uploads\/2019\/06\/IMG_1822.jpg\" class=\"btn btn-primary magnific image-all\" data-links=\"\">Vergr\u00f6\u00dfern<\/a>\n                        <a href=\"https:\/\/www.spm-gmbh.at\/?page_id=395\" class=\"btn btn-primary\" target=\"_self\">Mehr erfahren<\/a>\n                    <\/p>\n                <\/div>\n                    <\/div>\n    <\/div>\n    \n            <\/span>\n    \n    <div class=\"figure-caption text-center\">\n        <h3 class=\"figure-caption-title bordered bordered-small bordered-link\">\n                            <a href=\"https:\/\/www.spm-gmbh.at\/?page_id=395\" class=\"\" data-links=\"\" target=\"_self\">\n                        Montage                            <\/a>\n                    <\/h3>\n        <p class=\"figure-caption-description\"><\/p>\n    <\/div>\n<\/div>            <\/div>\n                        \n            <div class=\"masonry-item portfolio-item filter-nature filter-spm-technologien\" data-menu-order=\"15\" data-date=\"2014-09-23T01:27:17+00:00\" data-title=\"Nieten &#038; Schwei\u00dfen\" data-comments=\"0\">\n                <div class=\"figure  element-top-0 element-bottom-0 portfolio-os-animation image-filter-blur image-filter-onhover fade-in from-right text-center figcaption-middle normalwidth\" data-os-animation=\"bounceInDown\" data-os-animation-delay=\"0.4s\">\n            <span class=\"figure-image\">\n        <img loading=\"lazy\" decoding=\"async\" width=\"800\" height=\"533\" src=\"https:\/\/www.spm-gmbh.at\/wp-content\/uploads\/2019\/04\/IMG_5016.jpg\" class=\"normalwidth\" alt=\"Nieten &#038; Schwei\u00dfen\" \/>        <div class=\"figure-overlay grid-overlay-0\">\n        <div class=\"figure-overlay-container\">\n                            <div class=\"figure-caption\">\n                                            <h4 class=\"figure-caption-title element-small-bottom bordered bordered-small\">Nieten &#038; Schwei\u00dfen<\/h4>\n                                        <p class=\"figure-caption-description\">\n                        <a href=\"https:\/\/www.spm-gmbh.at\/wp-content\/uploads\/2019\/04\/IMG_5016.jpg\" class=\"btn btn-primary magnific image-all\" data-links=\"\">Vergr\u00f6\u00dfern<\/a>\n                        <a href=\"https:\/\/www.spm-gmbh.at\/?page_id=773\" class=\"btn btn-primary\" target=\"_self\">Mehr erfahren<\/a>\n                    <\/p>\n                <\/div>\n                    <\/div>\n    <\/div>\n    \n            <\/span>\n    \n    <div class=\"figure-caption text-center\">\n        <h3 class=\"figure-caption-title bordered bordered-small bordered-link\">\n                            <a href=\"https:\/\/www.spm-gmbh.at\/?page_id=773\" class=\"\" data-links=\"\" target=\"_self\">\n                        Nieten &#038; Schwei\u00dfen                            <\/a>\n                    <\/h3>\n        <p class=\"figure-caption-description\"><\/p>\n    <\/div>\n<\/div>            <\/div>\n            <\/div>\n<\/div><\/div>        <\/div>\n    <\/div>\n<\/section>\n","protected":false},"excerpt":{"rendered":"Brief Collaboratively administrate empowered markets via plug-and-play networks. Dynamically procrastinate B2C users after installed base benefits. Dramatically visualize customer directed convergence without revolutionary ROI. Efficiently unleash cross-media information without cross-media value. Quickly maximize timely deliverables for real-time schemas. Dramatically maintain clicks-and-mortar solutions without functional solutions. Web Design Logo Design SEO optimisation Content architecture Motion picture","protected":false},"author":2,"featured_media":0,"parent":0,"menu_order":0,"comment_status":"closed","ping_status":"closed","template":"","meta":{"_monsterinsights_skip_tracking":false,"_monsterinsights_sitenote_active":false,"_monsterinsights_sitenote_note":"","_monsterinsights_sitenote_category":0,"footnotes":""},"class_list":["post-361","page","type-page","status-publish","hentry"],"_links":{"self":[{"href":"https:\/\/www.spm-gmbh.at\/index.php?rest_route=\/wp\/v2\/pages\/361","targetHints":{"allow":["GET"]}}],"collection":[{"href":"https:\/\/www.spm-gmbh.at\/index.php?rest_route=\/wp\/v2\/pages"}],"about":[{"href":"https:\/\/www.spm-gmbh.at\/index.php?rest_route=\/wp\/v2\/types\/page"}],"author":[{"embeddable":true,"href":"https:\/\/www.spm-gmbh.at\/index.php?rest_route=\/wp\/v2\/users\/2"}],"replies":[{"embeddable":true,"href":"https:\/\/www.spm-gmbh.at\/index.php?rest_route=%2Fwp%2Fv2%2Fcomments&post=361"}],"version-history":[{"count":17,"href":"https:\/\/www.spm-gmbh.at\/index.php?rest_route=\/wp\/v2\/pages\/361\/revisions"}],"predecessor-version":[{"id":979,"href":"https:\/\/www.spm-gmbh.at\/index.php?rest_route=\/wp\/v2\/pages\/361\/revisions\/979"}],"wp:attachment":[{"href":"https:\/\/www.spm-gmbh.at\/index.php?rest_route=%2Fwp%2Fv2%2Fmedia&parent=361"}],"curies":[{"name":"wp","href":"https:\/\/api.w.org\/{rel}","templated":true}]}}