{"id":368,"date":"2016-02-18T08:27:15","date_gmt":"2016-02-18T08:27:15","guid":{"rendered":"http:\/\/www.spm-gmbh.at\/?page_id=368"},"modified":"2025-09-05T06:37:00","modified_gmt":"2025-09-05T06:37:00","slug":"stanzen","status":"publish","type":"page","link":"https:\/\/www.spm-gmbh.at\/?page_id=368","title":{"rendered":"Laserschneiden &#038; Stanzen"},"content":{"rendered":"<section class=\"section  text-normal section-text-no-shadow section-inner-no-shadow section-normal section-opaque\"  >\n    \n    <div class=\"background-overlay grid-overlay-0 \" style=\"background-color: rgba(0,0,0,0);\"><\/div>\n\n    <div class=\"container container-vertical-default\">\n        <div class=\"row vertical-default\">\n            <div class=\"col-md-12     text-default small-screen-default\"  ><div class=\"divider-wrapper \" style=\"visibility:hidden;background-color:#FFFFFF\">\n    <div class=\"visible-xs\" style=\"height:24px;\"><\/div>\n    <div class=\"visible-sm\" style=\"height:40px;\"><\/div>\n    <div class=\"visible-md\" style=\"height:50px;\"><\/div>\n    <div class=\"visible-lg\" style=\"height:60px;\"><\/div>\n<\/div><\/div>        <\/div>\n    <\/div>\n<\/section>\n<section class=\"section  text-normal section-text-no-shadow section-inner-no-shadow section-normal section-opaque\"  >\n    \n    <div class=\"background-overlay grid-overlay-0 \" style=\"background-color: rgba(0,0,0,0);\"><\/div>\n\n    <div class=\"container container-vertical-default\">\n        <div class=\"row vertical-default\">\n            <div class=\"col-md-6     text-default small-screen-default\"  ><div class=\"col-text-1 text-normal  element-top-20 element-bottom-20 os-animation\" data-os-animation=\"fadeIn\" data-os-animation-delay=\"0.2s\">\n    <h2 data-start=\"202\" data-end=\"264\">Pr\u00e4zision trifft Flexibilit\u00e4t<\/h2>\n<p data-start=\"266\" data-end=\"535\">Mit unserer <strong data-start=\"278\" data-end=\"331\">Amada LC 2515 C1 AJ Laser-Stanzkombinationsmaschine<\/strong> setzen wir neue Ma\u00dfst\u00e4be in der modernen Blechbearbeitung.<br data-start=\"390\" data-end=\"393\" \/>Ob <strong data-start=\"396\" data-end=\"455\">Lasern, Stanzen, Pr\u00e4gen, Umformen oder Gewindeschneiden<\/strong> \u2013 selbst komplexe Werkst\u00fccke fertigen wir effizient, pr\u00e4zise und zuverl\u00e4ssig.<\/p>\n<p data-start=\"537\" data-end=\"848\">Dank der Kombination aus leistungsstarkem Faserlaser und flexiblem Stanzsystem sind selbst anspruchsvolle Konturen und Sonderformen kein Problem.<br data-start=\"682\" data-end=\"685\" \/>Unterst\u00fctzt durch modernste Software verarbeiten wir sowohl <strong data-start=\"745\" data-end=\"764\">3D-Daten (STEP)<\/strong> als auch <strong data-start=\"774\" data-end=\"792\">2D-Daten (DXF)<\/strong> und setzen Ihre Vorgaben schnell in die Fertigung um.<\/p>\n<h3 data-start=\"850\" data-end=\"881\">Materialien &amp; Abmessungen<\/h3>\n<ul data-start=\"882\" data-end=\"994\">\n<li data-start=\"882\" data-end=\"911\">\n<p data-start=\"884\" data-end=\"911\"><strong data-start=\"884\" data-end=\"900\">Stahlbleche:<\/strong> bis 3 mm<\/p>\n<\/li>\n<li data-start=\"912\" data-end=\"946\">\n<p data-start=\"914\" data-end=\"946\"><strong data-start=\"914\" data-end=\"935\">Niro (Edelstahl):<\/strong> bis 3 mm<\/p>\n<\/li>\n<li data-start=\"947\" data-end=\"974\">\n<p data-start=\"949\" data-end=\"974\"><strong data-start=\"949\" data-end=\"963\">Aluminium:<\/strong> bis 5 mm<\/p>\n<\/li>\n<\/ul>\n<p data-start=\"996\" data-end=\"1022\"><strong data-start=\"996\" data-end=\"1020\">Maximale Teilegr\u00f6\u00dfe:<\/strong><\/p>\n<ul data-start=\"1023\" data-end=\"1062\">\n<li data-start=\"1023\" data-end=\"1042\">\n<p data-start=\"1025\" data-end=\"1042\"><strong data-start=\"1025\" data-end=\"1040\">x = 1250 mm<\/strong><\/p>\n<\/li>\n<li data-start=\"1043\" data-end=\"1062\">\n<p data-start=\"1045\" data-end=\"1062\"><strong data-start=\"1045\" data-end=\"1060\">y = 2500 mm<\/strong><\/p>\n<\/li>\n<\/ul>\n<h3 data-start=\"1064\" data-end=\"1083\">Ihre Vorteile<\/h3>\n<ul data-start=\"1084\" data-end=\"1352\">\n<li data-start=\"1084\" data-end=\"1136\">\n<p data-start=\"1086\" data-end=\"1136\">Flexible Fertigung nach Ihren Konstruktionsdaten<\/p>\n<\/li>\n<li data-start=\"1137\" data-end=\"1186\">\n<p data-start=\"1139\" data-end=\"1186\">H\u00f6chste Pr\u00e4zision durch modernste Technologie<\/p>\n<\/li>\n<li data-start=\"1187\" data-end=\"1240\">\n<p data-start=\"1189\" data-end=\"1240\">Kurze Durchlaufzeiten dank Laser-Stanzkombination<\/p>\n<\/li>\n<li data-start=\"1241\" data-end=\"1295\">\n<p data-start=\"1243\" data-end=\"1295\">Energieeffiziente, ressourcenschonende Bearbeitung<\/p>\n<\/li>\n<li data-start=\"1296\" data-end=\"1352\">\n<p data-start=\"1298\" data-end=\"1352\">Vielf\u00e4ltige Sonderformen und Speziall\u00f6sungen m\u00f6glich<\/p>\n<\/li>\n<\/ul>\n<\/div>\n<\/div><div class=\"col-md-6     text-default small-screen-default\"  ><div id=\"flexslider-89\" class=\"flexslider flex-controls-bottom  element-top-20 element-bottom-20\" data-flex-slideshow=true data-flex-sliderdirection=horizontal data-flex-speed=3000 data-flex-animation=fade data-flex-directions=hide data-flex-controls=show data-flex-controlsalign=center data-flex-controlsvertical=bottom data-flex-controlsposition=inside data-flex-duration=700 data-flex-captionhorizontal=left data-os-animation=\"none\" data-os-animation-delay=\"0s\" >\n    <ul class=\"slides\">\n            <li>\n        \t<figure>\n    <img loading=\"lazy\" decoding=\"async\" width=\"1732\" height=\"1154\" src=\"https:\/\/www.spm-gmbh.at\/wp-content\/uploads\/2019\/04\/STANZEN-2.jpg\" class=\"attachment-full size-full wp-post-image\" alt=\"\" \/>\n            <figcaption>\n            <h3>Stanzen 1<\/h3>\n\t\t    <p><\/p>\n        <\/figcaption>\n<\/figure>\n\n        <\/li>\n            <li>\n        \t<figure>\n    <img loading=\"lazy\" decoding=\"async\" width=\"1500\" height=\"1000\" src=\"https:\/\/www.spm-gmbh.at\/wp-content\/uploads\/2019\/04\/STANZEN-3.jpg\" class=\"attachment-full size-full wp-post-image\" alt=\"\" \/>\n            <figcaption>\n            <h3>Stanzen 2<\/h3>\n\t\t    <p><\/p>\n        <\/figcaption>\n<\/figure>\n\n        <\/li>\n            <li>\n        \t<figure>\n    <img loading=\"lazy\" decoding=\"async\" width=\"1500\" height=\"1000\" src=\"https:\/\/www.spm-gmbh.at\/wp-content\/uploads\/2019\/04\/STANZEN-4.jpg\" class=\"attachment-full size-full wp-post-image\" alt=\"\" \/>\n            <figcaption>\n            <h3>Stanzen 4<\/h3>\n\t\t    <p><\/p>\n        <\/figcaption>\n<\/figure>\n\n        <\/li>\n            <li>\n        \t<figure>\n    <img loading=\"lazy\" decoding=\"async\" width=\"2000\" height=\"1333\" src=\"https:\/\/www.spm-gmbh.at\/wp-content\/uploads\/2016\/02\/IMG_4954_1.jpg\" class=\"attachment-full size-full wp-post-image\" alt=\"\" srcset=\"https:\/\/www.spm-gmbh.at\/wp-content\/uploads\/2016\/02\/IMG_4954_1.jpg 2000w, https:\/\/www.spm-gmbh.at\/wp-content\/uploads\/2016\/02\/IMG_4954_1-300x200.jpg 300w, https:\/\/www.spm-gmbh.at\/wp-content\/uploads\/2016\/02\/IMG_4954_1-768x512.jpg 768w, https:\/\/www.spm-gmbh.at\/wp-content\/uploads\/2016\/02\/IMG_4954_1-1024x682.jpg 1024w, https:\/\/www.spm-gmbh.at\/wp-content\/uploads\/2016\/02\/IMG_4954_1-600x400.jpg 600w\" sizes=\"auto, (max-width: 2000px) 100vw, 2000px\" \/>\n            <figcaption>\n            <h3>Stanzen 5<\/h3>\n\t\t    <p><\/p>\n        <\/figcaption>\n<\/figure>\n\n        <\/li>\n            <li>\n        \t<figure>\n    <img loading=\"lazy\" decoding=\"async\" width=\"2000\" height=\"1333\" src=\"https:\/\/www.spm-gmbh.at\/wp-content\/uploads\/2016\/02\/IMG_4956_1.jpg\" class=\"attachment-full size-full wp-post-image\" alt=\"\" srcset=\"https:\/\/www.spm-gmbh.at\/wp-content\/uploads\/2016\/02\/IMG_4956_1.jpg 2000w, https:\/\/www.spm-gmbh.at\/wp-content\/uploads\/2016\/02\/IMG_4956_1-300x200.jpg 300w, https:\/\/www.spm-gmbh.at\/wp-content\/uploads\/2016\/02\/IMG_4956_1-768x512.jpg 768w, https:\/\/www.spm-gmbh.at\/wp-content\/uploads\/2016\/02\/IMG_4956_1-1024x682.jpg 1024w, https:\/\/www.spm-gmbh.at\/wp-content\/uploads\/2016\/02\/IMG_4956_1-600x400.jpg 600w\" sizes=\"auto, (max-width: 2000px) 100vw, 2000px\" \/>\n            <figcaption>\n            <h3>Stanzen 6<\/h3>\n\t\t    <p><\/p>\n        <\/figcaption>\n<\/figure>\n\n        <\/li>\n            <li>\n        \t<figure>\n    <img loading=\"lazy\" decoding=\"async\" width=\"1000\" height=\"667\" src=\"https:\/\/www.spm-gmbh.at\/wp-content\/uploads\/2024\/09\/IMG_9338.jpg\" class=\"attachment-full size-full wp-post-image\" alt=\"\" srcset=\"https:\/\/www.spm-gmbh.at\/wp-content\/uploads\/2024\/09\/IMG_9338.jpg 1000w, https:\/\/www.spm-gmbh.at\/wp-content\/uploads\/2024\/09\/IMG_9338-300x200.jpg 300w, https:\/\/www.spm-gmbh.at\/wp-content\/uploads\/2024\/09\/IMG_9338-768x512.jpg 768w, https:\/\/www.spm-gmbh.at\/wp-content\/uploads\/2024\/09\/IMG_9338-600x400.jpg 600w\" sizes=\"auto, (max-width: 1000px) 100vw, 1000px\" \/>\n            <figcaption>\n            <h3>Stanzen 7<\/h3>\n\t\t    <p><\/p>\n        <\/figcaption>\n<\/figure>\n\n        <\/li>\n        <\/ul>\n<\/div>\n<\/div>        <\/div>\n    <\/div>\n<\/section>\n<section class=\"section  text-normal section-text-no-shadow section-inner-no-shadow section-normal section-opaque\"  >\n    \n    <div class=\"background-overlay grid-overlay-0 \" style=\"background-color: rgba(0,0,0,0);\"><\/div>\n\n    <div class=\"container container-vertical-default\">\n        <div class=\"row vertical-default\">\n            <div class=\"col-md-12     text-default small-screen-default\"  ><div class=\"divider-wrapper \" style=\"visibility:hidden;background-color:#FFFFFF\">\n    <div class=\"visible-xs\" style=\"height:24px;\"><\/div>\n    <div class=\"visible-sm\" style=\"height:40px;\"><\/div>\n    <div class=\"visible-md\" style=\"height:60px;\"><\/div>\n    <div class=\"visible-lg\" style=\"height:80px;\"><\/div>\n<\/div><h1 class=\"text-center  element-top-0 element-bottom-40 text-normal normal default\" data-os-animation=\"none\" data-os-animation-delay=\"0s\" >\n    VERF\u00dcGBARE TECHNOLOGIEN SPM PR\u00c4ZISIONSMECHANIK<\/h1><div class=\"portfolio-container  element-top-20 element-bottom-20 text-normal\"><div class=\"row\">\r\n    <div class=\"col-md-12\">\r\n        <div class=\"portfolio-header clearfix\">\r\n                        <div class=\"portfolio-filters pull-right\">\r\n                                                            <\/div>\r\n        <\/div>\r\n    <\/div>\r\n<\/div>\r\n<div class=\"portfolio masonry no-transition\" data-padding=\"15\" data-col-xs=\"1\" data-col-sm=\"3\" data-col-md=\"3\" data-col-lg=\"3\" data-layout=\"fitRows\">\n                \n            <div class=\"masonry-item portfolio-item filter-spm-technologien\" data-menu-order=\"1\" data-date=\"2014-09-23T03:03:17+00:00\" data-title=\"Laserschneiden &#038; Stanzen\" data-comments=\"0\">\n                <div class=\"figure  element-top-0 element-bottom-0 portfolio-os-animation image-filter-blur image-filter-onhover fade-in text-center figcaption-middle normalwidth\" data-os-animation=\"bounce\" data-os-animation-delay=\"0s\">\n            <span class=\"figure-image\">\n        <img loading=\"lazy\" decoding=\"async\" width=\"800\" height=\"600\" src=\"https:\/\/www.spm-gmbh.at\/wp-content\/uploads\/2024\/09\/IMG_9333-800x600.jpg\" class=\"normalwidth\" alt=\"Laserschneiden &#038; Stanzen\" \/>        <div class=\"figure-overlay grid-overlay-0\">\n        <div class=\"figure-overlay-container\">\n                            <div class=\"figure-caption\">\n                                            <h4 class=\"figure-caption-title element-small-bottom bordered bordered-small\">Laserschneiden &#038; Stanzen<\/h4>\n                                        <p class=\"figure-caption-description\">\n                        <a href=\"https:\/\/www.spm-gmbh.at\/wp-content\/uploads\/2024\/09\/IMG_9333.jpg\" class=\"btn btn-primary magnific image-all\" data-links=\"\">Vergr\u00f6\u00dfern<\/a>\n                        <a href=\"https:\/\/www.spm-gmbh.at\/?page_id=368\" class=\"btn btn-primary\" target=\"_self\">Mehr erfahren<\/a>\n                    <\/p>\n                <\/div>\n                    <\/div>\n    <\/div>\n    \n            <\/span>\n    \n    <div class=\"figure-caption text-center\">\n        <h3 class=\"figure-caption-title bordered bordered-small bordered-link\">\n                            <a href=\"https:\/\/www.spm-gmbh.at\/?page_id=368\" class=\"\" data-links=\"\" target=\"_self\">\n                        Laserschneiden &#038; Stanzen                            <\/a>\n                    <\/h3>\n        <p class=\"figure-caption-description\"><\/p>\n    <\/div>\n<\/div>            <\/div>\n                        \n            <div class=\"masonry-item portfolio-item filter-drinks filter-spm-technologien\" data-menu-order=\"2\" data-date=\"2014-09-23T01:28:17+00:00\" data-title=\"Kanten\" data-comments=\"0\">\n                <div class=\"figure  element-top-0 element-bottom-0 portfolio-os-animation image-filter-blur image-filter-onhover fade-in text-center figcaption-middle normalwidth\" data-os-animation=\"bounce\" data-os-animation-delay=\"0.5s\">\n            <span class=\"figure-image\">\n        <img loading=\"lazy\" decoding=\"async\" width=\"800\" height=\"600\" src=\"https:\/\/www.spm-gmbh.at\/wp-content\/uploads\/2016\/02\/IMG_4849_1-800x600.jpg\" class=\"normalwidth\" alt=\"Kanten\" \/>        <div class=\"figure-overlay grid-overlay-0\">\n        <div class=\"figure-overlay-container\">\n                            <div class=\"figure-caption\">\n                                            <h4 class=\"figure-caption-title element-small-bottom bordered bordered-small\">Kanten<\/h4>\n                                        <p class=\"figure-caption-description\">\n                        <a href=\"https:\/\/www.spm-gmbh.at\/wp-content\/uploads\/2016\/02\/IMG_4849_1.jpg\" class=\"btn btn-primary magnific image-all\" data-links=\"\">Vergr\u00f6\u00dfern<\/a>\n                        <a href=\"https:\/\/www.spm-gmbh.at\/?page_id=391\" class=\"btn btn-primary\" target=\"_self\">Mehr erfahren<\/a>\n                    <\/p>\n                <\/div>\n                    <\/div>\n    <\/div>\n    \n            <\/span>\n    \n    <div class=\"figure-caption text-center\">\n        <h3 class=\"figure-caption-title bordered bordered-small bordered-link\">\n                            <a href=\"https:\/\/www.spm-gmbh.at\/?page_id=391\" class=\"\" data-links=\"\" target=\"_self\">\n                        Kanten                            <\/a>\n                    <\/h3>\n        <p class=\"figure-caption-description\"><\/p>\n    <\/div>\n<\/div>            <\/div>\n                        \n            <div class=\"masonry-item portfolio-item filter-spm filter-spm-technologien\" data-menu-order=\"4\" data-date=\"2014-09-23T07:03:17+00:00\" data-title=\"Einpressen\" data-comments=\"0\">\n                <div class=\"figure  element-top-0 element-bottom-0 portfolio-os-animation image-filter-blur image-filter-onhover fade-in text-center figcaption-middle normalwidth\" data-os-animation=\"bounce\" data-os-animation-delay=\"1s\">\n            <span class=\"figure-image\">\n        <img loading=\"lazy\" decoding=\"async\" width=\"800\" height=\"600\" src=\"https:\/\/www.spm-gmbh.at\/wp-content\/uploads\/2016\/02\/IMG_4991_1-800x600.jpg\" class=\"normalwidth\" alt=\"Einpressen\" \/>        <div class=\"figure-overlay grid-overlay-0\">\n        <div class=\"figure-overlay-container\">\n                            <div class=\"figure-caption\">\n                                            <h4 class=\"figure-caption-title element-small-bottom bordered bordered-small\">Einpressen<\/h4>\n                                        <p class=\"figure-caption-description\">\n                        <a href=\"https:\/\/www.spm-gmbh.at\/wp-content\/uploads\/2016\/02\/IMG_4991_1.jpg\" class=\"btn btn-primary magnific image-all\" data-links=\"\">Vergr\u00f6\u00dfern<\/a>\n                        <a href=\"https:\/\/www.spm-gmbh.at\/?page_id=393\" class=\"btn btn-primary\" target=\"_self\">Mehr erfahren<\/a>\n                    <\/p>\n                <\/div>\n                    <\/div>\n    <\/div>\n    \n            <\/span>\n    \n    <div class=\"figure-caption text-center\">\n        <h3 class=\"figure-caption-title bordered bordered-small bordered-link\">\n                            <a href=\"https:\/\/www.spm-gmbh.at\/?page_id=393\" class=\"\" data-links=\"\" target=\"_self\">\n                        Einpressen                            <\/a>\n                    <\/h3>\n        <p class=\"figure-caption-description\"><\/p>\n    <\/div>\n<\/div>            <\/div>\n                        \n            <div class=\"masonry-item portfolio-item filter-spm-technologien\" data-menu-order=\"6\" data-date=\"2014-09-23T02:03:17+00:00\" data-title=\"Montage\" data-comments=\"0\">\n                <div class=\"figure  element-top-0 element-bottom-0 portfolio-os-animation image-filter-blur image-filter-onhover fade-in text-center figcaption-middle normalwidth\" data-os-animation=\"bounce\" data-os-animation-delay=\"1.5s\">\n            <span class=\"figure-image\">\n        <img loading=\"lazy\" decoding=\"async\" width=\"800\" height=\"533\" src=\"https:\/\/www.spm-gmbh.at\/wp-content\/uploads\/2019\/06\/IMG_1822.jpg\" class=\"normalwidth\" alt=\"Montage\" \/>        <div class=\"figure-overlay grid-overlay-0\">\n        <div class=\"figure-overlay-container\">\n                            <div class=\"figure-caption\">\n                                            <h4 class=\"figure-caption-title element-small-bottom bordered bordered-small\">Montage<\/h4>\n                                        <p class=\"figure-caption-description\">\n                        <a href=\"https:\/\/www.spm-gmbh.at\/wp-content\/uploads\/2019\/06\/IMG_1822.jpg\" class=\"btn btn-primary magnific image-all\" data-links=\"\">Vergr\u00f6\u00dfern<\/a>\n                        <a href=\"https:\/\/www.spm-gmbh.at\/?page_id=395\" class=\"btn btn-primary\" target=\"_self\">Mehr erfahren<\/a>\n                    <\/p>\n                <\/div>\n                    <\/div>\n    <\/div>\n    \n            <\/span>\n    \n    <div class=\"figure-caption text-center\">\n        <h3 class=\"figure-caption-title bordered bordered-small bordered-link\">\n                            <a href=\"https:\/\/www.spm-gmbh.at\/?page_id=395\" class=\"\" data-links=\"\" target=\"_self\">\n                        Montage                            <\/a>\n                    <\/h3>\n        <p class=\"figure-caption-description\"><\/p>\n    <\/div>\n<\/div>            <\/div>\n                        \n            <div class=\"masonry-item portfolio-item filter-nature filter-spm-technologien\" data-menu-order=\"15\" data-date=\"2014-09-23T01:27:17+00:00\" data-title=\"Nieten &#038; Schwei\u00dfen\" data-comments=\"0\">\n                <div class=\"figure  element-top-0 element-bottom-0 portfolio-os-animation image-filter-blur image-filter-onhover fade-in text-center figcaption-middle normalwidth\" data-os-animation=\"bounce\" data-os-animation-delay=\"2s\">\n            <span class=\"figure-image\">\n        <img loading=\"lazy\" decoding=\"async\" width=\"800\" height=\"533\" src=\"https:\/\/www.spm-gmbh.at\/wp-content\/uploads\/2019\/04\/IMG_5016.jpg\" class=\"normalwidth\" alt=\"Nieten &#038; Schwei\u00dfen\" \/>        <div class=\"figure-overlay grid-overlay-0\">\n        <div class=\"figure-overlay-container\">\n                            <div class=\"figure-caption\">\n                                            <h4 class=\"figure-caption-title element-small-bottom bordered bordered-small\">Nieten &#038; Schwei\u00dfen<\/h4>\n                                        <p class=\"figure-caption-description\">\n                        <a href=\"https:\/\/www.spm-gmbh.at\/wp-content\/uploads\/2019\/04\/IMG_5016.jpg\" class=\"btn btn-primary magnific image-all\" data-links=\"\">Vergr\u00f6\u00dfern<\/a>\n                        <a href=\"https:\/\/www.spm-gmbh.at\/?page_id=773\" class=\"btn btn-primary\" target=\"_self\">Mehr erfahren<\/a>\n                    <\/p>\n                <\/div>\n                    <\/div>\n    <\/div>\n    \n            <\/span>\n    \n    <div class=\"figure-caption text-center\">\n        <h3 class=\"figure-caption-title bordered bordered-small bordered-link\">\n                            <a href=\"https:\/\/www.spm-gmbh.at\/?page_id=773\" class=\"\" data-links=\"\" target=\"_self\">\n                        Nieten &#038; Schwei\u00dfen                            <\/a>\n                    <\/h3>\n        <p class=\"figure-caption-description\"><\/p>\n    <\/div>\n<\/div>            <\/div>\n            <\/div>\n<\/div><\/div>        <\/div>\n    <\/div>\n<\/section>\n","protected":false},"excerpt":{"rendered":"Brief Collaboratively administrate empowered markets via plug-and-play networks. Dynamically procrastinate B2C users after installed base benefits. Dramatically visualize customer directed convergence without revolutionary ROI. Efficiently unleash cross-media information without cross-media value. Quickly maximize timely deliverables for real-time schemas. Dramatically maintain clicks-and-mortar solutions without functional solutions. Web Design Logo Design SEO optimisation Content architecture Motion picture","protected":false},"author":2,"featured_media":0,"parent":0,"menu_order":0,"comment_status":"closed","ping_status":"closed","template":"","meta":{"_monsterinsights_skip_tracking":false,"_monsterinsights_sitenote_active":false,"_monsterinsights_sitenote_note":"","_monsterinsights_sitenote_category":0,"footnotes":""},"class_list":["post-368","page","type-page","status-publish","hentry"],"_links":{"self":[{"href":"https:\/\/www.spm-gmbh.at\/index.php?rest_route=\/wp\/v2\/pages\/368","targetHints":{"allow":["GET"]}}],"collection":[{"href":"https:\/\/www.spm-gmbh.at\/index.php?rest_route=\/wp\/v2\/pages"}],"about":[{"href":"https:\/\/www.spm-gmbh.at\/index.php?rest_route=\/wp\/v2\/types\/page"}],"author":[{"embeddable":true,"href":"https:\/\/www.spm-gmbh.at\/index.php?rest_route=\/wp\/v2\/users\/2"}],"replies":[{"embeddable":true,"href":"https:\/\/www.spm-gmbh.at\/index.php?rest_route=%2Fwp%2Fv2%2Fcomments&post=368"}],"version-history":[{"count":37,"href":"https:\/\/www.spm-gmbh.at\/index.php?rest_route=\/wp\/v2\/pages\/368\/revisions"}],"predecessor-version":[{"id":1061,"href":"https:\/\/www.spm-gmbh.at\/index.php?rest_route=\/wp\/v2\/pages\/368\/revisions\/1061"}],"wp:attachment":[{"href":"https:\/\/www.spm-gmbh.at\/index.php?rest_route=%2Fwp%2Fv2%2Fmedia&parent=368"}],"curies":[{"name":"wp","href":"https:\/\/api.w.org\/{rel}","templated":true}]}}