{"id":401,"date":"2016-02-18T12:03:10","date_gmt":"2016-02-18T12:03:10","guid":{"rendered":"http:\/\/www.spm-gmbh.at\/?page_id=401"},"modified":"2019-06-06T18:55:51","modified_gmt":"2019-06-06T18:55:51","slug":"401-2","status":"publish","type":"page","link":"https:\/\/www.spm-gmbh.at\/?page_id=401","title":{"rendered":"Oberfl\u00e4chenveredelung"},"content":{"rendered":"<section class=\"section  text-normal section-text-no-shadow section-inner-no-shadow section-normal section-opaque\"  >\n    \n    <div class=\"background-overlay grid-overlay-0 \" style=\"background-color: rgba(0,0,0,0);\"><\/div>\n\n    <div class=\"container container-vertical-default\">\n        <div class=\"row vertical-default\">\n            <div class=\"col-md-6     text-default small-screen-default\"  ><div class=\"divider-wrapper \" style=\"visibility:hidden;background-color:#FFFFFF\">\n    <div class=\"visible-xs\" style=\"height:24px;\"><\/div>\n    <div class=\"visible-sm\" style=\"height:40px;\"><\/div>\n    <div class=\"visible-md\" style=\"height:50px;\"><\/div>\n    <div class=\"visible-lg\" style=\"height:60px;\"><\/div>\n<\/div><div class=\"col-text-1 text-normal  element-top-20 element-bottom-20\" data-os-animation=\"none\" data-os-animation-delay=\"0s\">\n    <p>Bei SPM Pr\u00e4zisionsmechanik k\u00f6nnen nicht nur verschiedenste Blechteile hergestellt werden. Wir haben auch die M\u00f6glichkeit \u00fcber Sublieferanten die Oberfl\u00e4che der erzeugten Teile beschichten und veredeln zu lassen.<br \/>\nWir greifen nur auf ausgew\u00e4hlte Lieferanten zur\u00fcck, um h\u00f6chste Qualit\u00e4t zu erzielen.<\/p>\n<\/div>\n<div class=\"col-text-1 text-normal  element-top-20 element-bottom-20 os-animation\" data-os-animation=\"fadeInLeft\" data-os-animation-delay=\"0.3s\">\n    <p><strong>Profitieren Sie aus unserer langen Erfahrung!<\/strong><\/p>\n<\/div>\n<\/div><div class=\"col-md-6     text-default small-screen-default\"  ><div class=\"col-text-1 text-normal  element-top-80 element-bottom-20\" data-os-animation=\"none\" data-os-animation-delay=\"0s\">\n    <p><strong>Ihre Vorteile:<\/strong><\/p>\n<ul>\n<li>Hohe Flexibilit\u00e4t bei der Wahl der geeigneten Oberfl\u00e4chenveredelung<\/li>\n<li>Saubere, professionelle Umsetzung<\/li>\n<li>Vom Rohteil zum fertigen Werkst\u00fcck<\/li>\n<\/ul>\n<\/div>\n<\/div>        <\/div>\n    <\/div>\n<\/section>\n<section class=\"section  text-normal section-text-no-shadow section-inner-no-shadow section-normal section-opaque\"  >\n    \n    <div class=\"background-overlay grid-overlay-0 \" style=\"background-color: rgba(0,0,0,0);\"><\/div>\n\n    <div class=\"container container-vertical-default\">\n        <div class=\"row vertical-default\">\n            <div class=\"col-md-4     text-default small-screen-default\"  ><div class=\"col-text-1 text-normal  element-top-20 element-bottom-20 os-animation\" data-os-animation=\"fadeIn\" data-os-animation-delay=\"0.2s\">\n    <p><strong>Wir bieten Ihnen:<\/strong><\/p>\n<ul>\n<li>Galvanisch verzinken<\/li>\n<li>Verzinnen<\/li>\n<li>Vernickeln<\/li>\n<li>Lackieren<\/li>\n<li>Eloxieren<\/li>\n<li>Siebdruck<\/li>\n<li>Tampondruck<\/li>\n<li>Laserbeschriften<\/li>\n<li>Dekorfolie<\/li>\n<li>Tastaturfolien<\/li>\n<li>Je nach Bauteil\n<ul>\n<li>Pulverbeschichten<\/li>\n<li>KTL-Tauchlackieren<\/li>\n<\/ul>\n<\/li>\n<\/ul>\n<\/div>\n<\/div><div class=\"col-md-8     text-default small-screen-default\"  ><div id=\"flexslider-63\" class=\"flexslider flex-controls-bottom  element-top-20 element-bottom-20\" data-flex-slideshow=true data-flex-sliderdirection=horizontal data-flex-speed=7000 data-flex-animation=fade data-flex-directions=hide data-flex-controls=show data-flex-controlsalign=center data-flex-controlsvertical=bottom data-flex-controlsposition=inside data-flex-duration=600 data-flex-captionhorizontal=left data-os-animation=\"none\" data-os-animation-delay=\"0s\" >\n    <ul class=\"slides\">\n            <li>\n        \t<figure>\n    <img loading=\"lazy\" decoding=\"async\" width=\"2000\" height=\"1333\" src=\"https:\/\/www.spm-gmbh.at\/wp-content\/uploads\/2019\/04\/IMG_5098.jpg\" class=\"attachment-full size-full wp-post-image\" alt=\"\" \/>\n            <figcaption>\n            <h3>Oberfl\u00e4che 1<\/h3>\n\t\t    <p><\/p>\n        <\/figcaption>\n<\/figure>\n\n        <\/li>\n            <li>\n        \t<figure>\n    <img loading=\"lazy\" decoding=\"async\" width=\"2000\" height=\"1333\" src=\"https:\/\/www.spm-gmbh.at\/wp-content\/uploads\/2019\/04\/IMG_073.jpg\" class=\"attachment-full size-full wp-post-image\" alt=\"\" \/>\n            <figcaption>\n            <h3>Oberfl\u00e4che 2<\/h3>\n\t\t    <p><\/p>\n        <\/figcaption>\n<\/figure>\n\n        <\/li>\n            <li>\n        \t<figure>\n    <img loading=\"lazy\" decoding=\"async\" width=\"2000\" height=\"1333\" src=\"https:\/\/www.spm-gmbh.at\/wp-content\/uploads\/2019\/04\/IMG_073_1.jpg\" class=\"attachment-full size-full wp-post-image\" alt=\"\" \/>\n            <figcaption>\n            <h3>Oberfl\u00e4che 3<\/h3>\n\t\t    <p><\/p>\n        <\/figcaption>\n<\/figure>\n\n        <\/li>\n            <li>\n        \t<figure>\n    <img loading=\"lazy\" decoding=\"async\" width=\"2000\" height=\"1333\" src=\"https:\/\/www.spm-gmbh.at\/wp-content\/uploads\/2019\/04\/IMG_5048.jpg\" class=\"attachment-full size-full wp-post-image\" alt=\"\" \/>\n            <figcaption>\n            <h3>Oberfl\u00e4che 4<\/h3>\n\t\t    <p><\/p>\n        <\/figcaption>\n<\/figure>\n\n        <\/li>\n            <li>\n        \t<figure>\n    <img loading=\"lazy\" decoding=\"async\" width=\"2000\" height=\"1333\" src=\"https:\/\/www.spm-gmbh.at\/wp-content\/uploads\/2019\/04\/IMG_5016.jpg\" class=\"attachment-full size-full wp-post-image\" alt=\"\" \/>\n            <figcaption>\n            <h3>Oberfl\u00e4che 5<\/h3>\n\t\t    <p><\/p>\n        <\/figcaption>\n<\/figure>\n\n        <\/li>\n            <li>\n        \t<figure>\n    <img loading=\"lazy\" decoding=\"async\" width=\"2000\" height=\"1333\" src=\"https:\/\/www.spm-gmbh.at\/wp-content\/uploads\/2019\/04\/IMG_5090.jpg\" class=\"attachment-full size-full wp-post-image\" alt=\"\" \/>\n            <figcaption>\n            <h3>Oberfl\u00e4che 6<\/h3>\n\t\t    <p><\/p>\n        <\/figcaption>\n<\/figure>\n\n        <\/li>\n            <li>\n        \t<figure>\n    <img loading=\"lazy\" decoding=\"async\" width=\"2000\" height=\"1333\" src=\"https:\/\/www.spm-gmbh.at\/wp-content\/uploads\/2019\/04\/IMG_5092.jpg\" class=\"attachment-full size-full wp-post-image\" alt=\"\" \/>\n            <figcaption>\n            <h3>Oberfl\u00e4che 7<\/h3>\n\t\t    <p><\/p>\n        <\/figcaption>\n<\/figure>\n\n        <\/li>\n            <li>\n        \t<figure>\n    <img loading=\"lazy\" decoding=\"async\" width=\"2000\" height=\"1333\" src=\"https:\/\/www.spm-gmbh.at\/wp-content\/uploads\/2019\/04\/IMG_5082.jpg\" class=\"attachment-full size-full wp-post-image\" alt=\"\" \/>\n            <figcaption>\n            <h3>Oberfl\u00e4che 8<\/h3>\n\t\t    <p><\/p>\n        <\/figcaption>\n<\/figure>\n\n        <\/li>\n            <li>\n        \t<figure>\n    <img loading=\"lazy\" decoding=\"async\" width=\"2000\" height=\"1333\" src=\"https:\/\/www.spm-gmbh.at\/wp-content\/uploads\/2019\/04\/IMG_5114.jpg\" class=\"attachment-full size-full wp-post-image\" alt=\"\" \/>\n            <figcaption>\n            <h3>Oberfl\u00e4che 9<\/h3>\n\t\t    <p><\/p>\n        <\/figcaption>\n<\/figure>\n\n        <\/li>\n            <li>\n        \t<figure>\n    <img loading=\"lazy\" decoding=\"async\" width=\"2000\" height=\"1333\" src=\"https:\/\/www.spm-gmbh.at\/wp-content\/uploads\/2019\/04\/IMG_5147.jpg\" class=\"attachment-full size-full wp-post-image\" alt=\"\" \/>\n            <figcaption>\n            <h3>Oberfl\u00e4che 10<\/h3>\n\t\t    <p><\/p>\n        <\/figcaption>\n<\/figure>\n\n        <\/li>\n            <li>\n        \t<figure>\n    <img loading=\"lazy\" decoding=\"async\" width=\"2000\" height=\"1333\" src=\"https:\/\/www.spm-gmbh.at\/wp-content\/uploads\/2019\/04\/IMG_5150.jpg\" class=\"attachment-full size-full wp-post-image\" alt=\"\" \/>\n            <figcaption>\n            <h3>Oberfl\u00e4che 11<\/h3>\n\t\t    <p><\/p>\n        <\/figcaption>\n<\/figure>\n\n        <\/li>\n            <li>\n        \t<figure>\n    <img loading=\"lazy\" decoding=\"async\" width=\"2000\" height=\"1333\" src=\"https:\/\/www.spm-gmbh.at\/wp-content\/uploads\/2019\/04\/IMG_5152.jpg\" class=\"attachment-full size-full wp-post-image\" alt=\"\" \/>\n            <figcaption>\n            <h3>Oberfl\u00e4che 12<\/h3>\n\t\t    <p><\/p>\n        <\/figcaption>\n<\/figure>\n\n        <\/li>\n        <\/ul>\n<\/div>\n<\/div>        <\/div>\n    <\/div>\n<\/section>\n<section class=\"section  text-normal section-text-no-shadow section-inner-no-shadow section-normal section-opaque\"  >\n    \n    <div class=\"background-overlay grid-overlay-0 \" style=\"background-color: rgba(0,0,0,0);\"><\/div>\n\n    <div class=\"container container-vertical-default\">\n        <div class=\"row vertical-default\">\n            <div class=\"col-md-12     text-default small-screen-default\"  ><div class=\"divider-wrapper \" style=\"visibility:hidden;background-color:#FFFFFF\">\n    <div class=\"visible-xs\" style=\"height:24px;\"><\/div>\n    <div class=\"visible-sm\" style=\"height:40px;\"><\/div>\n    <div class=\"visible-md\" style=\"height:60px;\"><\/div>\n    <div class=\"visible-lg\" style=\"height:80px;\"><\/div>\n<\/div><div class=\"portfolio-container  element-top-20 element-bottom-20 text-normal\"><div class=\"row\">\r\n    <div class=\"col-md-12\">\r\n        <div class=\"portfolio-header clearfix\">\r\n                        <div class=\"portfolio-filters pull-right\">\r\n                                                            <\/div>\r\n        <\/div>\r\n    <\/div>\r\n<\/div>\r\n<div class=\"portfolio masonry no-transition\" data-padding=\"15\" data-col-xs=\"1\" data-col-sm=\"3\" data-col-md=\"3\" data-col-lg=\"3\" data-layout=\"fitRows\">\n                \n            <div class=\"masonry-item portfolio-item filter-spm-technologien\" data-menu-order=\"1\" data-date=\"2014-09-23T03:03:17+00:00\" data-title=\"Laserschneiden &#038; Stanzen\" data-comments=\"0\">\n                <div class=\"figure  element-top-0 element-bottom-0 portfolio-os-animation image-filter-blur image-filter-onhover fade-in text-center figcaption-middle normalwidth\" data-os-animation=\"bounce\" data-os-animation-delay=\"0s\">\n            <span class=\"figure-image\">\n        <img loading=\"lazy\" decoding=\"async\" width=\"800\" height=\"600\" src=\"https:\/\/www.spm-gmbh.at\/wp-content\/uploads\/2024\/09\/IMG_9333-800x600.jpg\" class=\"normalwidth\" alt=\"Laserschneiden &#038; Stanzen\" \/>        <div class=\"figure-overlay grid-overlay-0\">\n        <div class=\"figure-overlay-container\">\n                            <div class=\"figure-caption\">\n                                            <h4 class=\"figure-caption-title element-small-bottom bordered bordered-small\">Laserschneiden &#038; Stanzen<\/h4>\n                                        <p class=\"figure-caption-description\">\n                        <a href=\"https:\/\/www.spm-gmbh.at\/wp-content\/uploads\/2024\/09\/IMG_9333.jpg\" class=\"btn btn-primary magnific image-all\" data-links=\"\">Vergr\u00f6\u00dfern<\/a>\n                        <a href=\"https:\/\/www.spm-gmbh.at\/?page_id=368\" class=\"btn btn-primary\" target=\"_self\">Mehr erfahren<\/a>\n                    <\/p>\n                <\/div>\n                    <\/div>\n    <\/div>\n    \n            <\/span>\n    \n<\/div>            <\/div>\n                        \n            <div class=\"masonry-item portfolio-item filter-drinks filter-spm-technologien\" data-menu-order=\"2\" data-date=\"2014-09-23T01:28:17+00:00\" data-title=\"Kanten\" data-comments=\"0\">\n                <div class=\"figure  element-top-0 element-bottom-0 portfolio-os-animation image-filter-blur image-filter-onhover fade-in text-center figcaption-middle normalwidth\" data-os-animation=\"bounce\" data-os-animation-delay=\"0.5s\">\n            <span class=\"figure-image\">\n        <img loading=\"lazy\" decoding=\"async\" width=\"800\" height=\"600\" src=\"https:\/\/www.spm-gmbh.at\/wp-content\/uploads\/2016\/02\/IMG_4849_1-800x600.jpg\" class=\"normalwidth\" alt=\"Kanten\" \/>        <div class=\"figure-overlay grid-overlay-0\">\n        <div class=\"figure-overlay-container\">\n                            <div class=\"figure-caption\">\n                                            <h4 class=\"figure-caption-title element-small-bottom bordered bordered-small\">Kanten<\/h4>\n                                        <p class=\"figure-caption-description\">\n                        <a href=\"https:\/\/www.spm-gmbh.at\/wp-content\/uploads\/2016\/02\/IMG_4849_1.jpg\" class=\"btn btn-primary magnific image-all\" data-links=\"\">Vergr\u00f6\u00dfern<\/a>\n                        <a href=\"https:\/\/www.spm-gmbh.at\/?page_id=391\" class=\"btn btn-primary\" target=\"_self\">Mehr erfahren<\/a>\n                    <\/p>\n                <\/div>\n                    <\/div>\n    <\/div>\n    \n            <\/span>\n    \n<\/div>            <\/div>\n                        \n            <div class=\"masonry-item portfolio-item filter-spm filter-spm-technologien\" data-menu-order=\"4\" data-date=\"2014-09-23T07:03:17+00:00\" data-title=\"Einpressen\" data-comments=\"0\">\n                <div class=\"figure  element-top-0 element-bottom-0 portfolio-os-animation image-filter-blur image-filter-onhover fade-in text-center figcaption-middle normalwidth\" data-os-animation=\"bounce\" data-os-animation-delay=\"1s\">\n            <span class=\"figure-image\">\n        <img loading=\"lazy\" decoding=\"async\" width=\"800\" height=\"600\" src=\"https:\/\/www.spm-gmbh.at\/wp-content\/uploads\/2016\/02\/IMG_4991_1-800x600.jpg\" class=\"normalwidth\" alt=\"Einpressen\" \/>        <div class=\"figure-overlay grid-overlay-0\">\n        <div class=\"figure-overlay-container\">\n                            <div class=\"figure-caption\">\n                                            <h4 class=\"figure-caption-title element-small-bottom bordered bordered-small\">Einpressen<\/h4>\n                                        <p class=\"figure-caption-description\">\n                        <a href=\"https:\/\/www.spm-gmbh.at\/wp-content\/uploads\/2016\/02\/IMG_4991_1.jpg\" class=\"btn btn-primary magnific image-all\" data-links=\"\">Vergr\u00f6\u00dfern<\/a>\n                        <a href=\"https:\/\/www.spm-gmbh.at\/?page_id=393\" class=\"btn btn-primary\" target=\"_self\">Mehr erfahren<\/a>\n                    <\/p>\n                <\/div>\n                    <\/div>\n    <\/div>\n    \n            <\/span>\n    \n<\/div>            <\/div>\n                        \n            <div class=\"masonry-item portfolio-item filter-spm-technologien\" data-menu-order=\"6\" data-date=\"2014-09-23T02:03:17+00:00\" data-title=\"Montage\" data-comments=\"0\">\n                <div class=\"figure  element-top-0 element-bottom-0 portfolio-os-animation image-filter-blur image-filter-onhover fade-in text-center figcaption-middle normalwidth\" data-os-animation=\"bounce\" data-os-animation-delay=\"1.5s\">\n            <span class=\"figure-image\">\n        <img loading=\"lazy\" decoding=\"async\" width=\"800\" height=\"533\" src=\"https:\/\/www.spm-gmbh.at\/wp-content\/uploads\/2019\/06\/IMG_1822.jpg\" class=\"normalwidth\" alt=\"Montage\" \/>        <div class=\"figure-overlay grid-overlay-0\">\n        <div class=\"figure-overlay-container\">\n                            <div class=\"figure-caption\">\n                                            <h4 class=\"figure-caption-title element-small-bottom bordered bordered-small\">Montage<\/h4>\n                                        <p class=\"figure-caption-description\">\n                        <a href=\"https:\/\/www.spm-gmbh.at\/wp-content\/uploads\/2019\/06\/IMG_1822.jpg\" class=\"btn btn-primary magnific image-all\" data-links=\"\">Vergr\u00f6\u00dfern<\/a>\n                        <a href=\"https:\/\/www.spm-gmbh.at\/?page_id=395\" class=\"btn btn-primary\" target=\"_self\">Mehr erfahren<\/a>\n                    <\/p>\n                <\/div>\n                    <\/div>\n    <\/div>\n    \n            <\/span>\n    \n<\/div>            <\/div>\n                        \n            <div class=\"masonry-item portfolio-item filter-nature filter-spm-technologien\" data-menu-order=\"15\" data-date=\"2014-09-23T01:27:17+00:00\" data-title=\"Nieten &#038; Schwei\u00dfen\" data-comments=\"0\">\n                <div class=\"figure  element-top-0 element-bottom-0 portfolio-os-animation image-filter-blur image-filter-onhover fade-in text-center figcaption-middle normalwidth\" data-os-animation=\"bounce\" data-os-animation-delay=\"2s\">\n            <span class=\"figure-image\">\n        <img loading=\"lazy\" decoding=\"async\" width=\"800\" height=\"533\" src=\"https:\/\/www.spm-gmbh.at\/wp-content\/uploads\/2019\/04\/IMG_5016.jpg\" class=\"normalwidth\" alt=\"Nieten &#038; Schwei\u00dfen\" \/>        <div class=\"figure-overlay grid-overlay-0\">\n        <div class=\"figure-overlay-container\">\n                            <div class=\"figure-caption\">\n                                            <h4 class=\"figure-caption-title element-small-bottom bordered bordered-small\">Nieten &#038; Schwei\u00dfen<\/h4>\n                                        <p class=\"figure-caption-description\">\n                        <a href=\"https:\/\/www.spm-gmbh.at\/wp-content\/uploads\/2019\/04\/IMG_5016.jpg\" class=\"btn btn-primary magnific image-all\" data-links=\"\">Vergr\u00f6\u00dfern<\/a>\n                        <a href=\"https:\/\/www.spm-gmbh.at\/?page_id=773\" class=\"btn btn-primary\" target=\"_self\">Mehr erfahren<\/a>\n                    <\/p>\n                <\/div>\n                    <\/div>\n    <\/div>\n    \n            <\/span>\n    \n<\/div>            <\/div>\n            <\/div>\n<\/div><\/div>        <\/div>\n    <\/div>\n<\/section>\n","protected":false},"excerpt":{"rendered":"Brief Collaboratively administrate empowered markets via plug-and-play networks. Dynamically procrastinate B2C users after installed base benefits. Dramatically visualize customer directed convergence without revolutionary ROI. Efficiently unleash cross-media information without cross-media value. Quickly maximize timely deliverables for real-time schemas. Dramatically maintain clicks-and-mortar solutions without functional solutions. Web Design Logo Design SEO optimisation Content architecture Motion picture","protected":false},"author":2,"featured_media":0,"parent":0,"menu_order":0,"comment_status":"closed","ping_status":"closed","template":"","meta":{"_monsterinsights_skip_tracking":false,"_monsterinsights_sitenote_active":false,"_monsterinsights_sitenote_note":"","_monsterinsights_sitenote_category":0,"footnotes":""},"class_list":["post-401","page","type-page","status-publish","hentry"],"_links":{"self":[{"href":"https:\/\/www.spm-gmbh.at\/index.php?rest_route=\/wp\/v2\/pages\/401","targetHints":{"allow":["GET"]}}],"collection":[{"href":"https:\/\/www.spm-gmbh.at\/index.php?rest_route=\/wp\/v2\/pages"}],"about":[{"href":"https:\/\/www.spm-gmbh.at\/index.php?rest_route=\/wp\/v2\/types\/page"}],"author":[{"embeddable":true,"href":"https:\/\/www.spm-gmbh.at\/index.php?rest_route=\/wp\/v2\/users\/2"}],"replies":[{"embeddable":true,"href":"https:\/\/www.spm-gmbh.at\/index.php?rest_route=%2Fwp%2Fv2%2Fcomments&post=401"}],"version-history":[{"count":11,"href":"https:\/\/www.spm-gmbh.at\/index.php?rest_route=\/wp\/v2\/pages\/401\/revisions"}],"predecessor-version":[{"id":950,"href":"https:\/\/www.spm-gmbh.at\/index.php?rest_route=\/wp\/v2\/pages\/401\/revisions\/950"}],"wp:attachment":[{"href":"https:\/\/www.spm-gmbh.at\/index.php?rest_route=%2Fwp%2Fv2%2Fmedia&parent=401"}],"curies":[{"name":"wp","href":"https:\/\/api.w.org\/{rel}","templated":true}]}}