{"id":498,"date":"2016-02-19T17:53:50","date_gmt":"2016-02-19T17:53:50","guid":{"rendered":"http:\/\/www.spm-gmbh.at\/?page_id=498"},"modified":"2019-05-27T12:04:06","modified_gmt":"2019-05-27T12:04:06","slug":"geschichte-und-profil","status":"publish","type":"page","link":"https:\/\/www.spm-gmbh.at\/?page_id=498","title":{"rendered":"Unternehmen"},"content":{"rendered":"<section class=\"section  text-normal section-text-no-shadow section-inner-no-shadow section-normal section-opaque\"  >\n    \n    <div class=\"background-overlay grid-overlay-0 \" style=\"background-color: rgba(0,0,0,0);\"><\/div>\n\n    <div class=\"container container-vertical-default\">\n        <div class=\"row vertical-default\">\n            <div class=\"col-md-12     text-default small-screen-default\"  ><div class=\"divider-wrapper \" style=\"visibility:hidden;background-color:#FFFFFF\">\n    <div class=\"visible-xs\" style=\"height:24px;\"><\/div>\n    <div class=\"visible-sm\" style=\"height:40px;\"><\/div>\n    <div class=\"visible-md\" style=\"height:50px;\"><\/div>\n    <div class=\"visible-lg\" style=\"height:60px;\"><\/div>\n<\/div><\/div>        <\/div>\n    <\/div>\n<\/section>\n<section class=\"section  text-normal section-text-no-shadow section-inner-no-shadow section-normal section-opaque\"  >\n    \n    <div class=\"background-overlay grid-overlay-0 \" style=\"background-color: rgba(0,0,0,0);\"><\/div>\n\n    <div class=\"container container-vertical-default\">\n        <div class=\"row vertical-default\">\n            <div class=\"col-md-6     text-default small-screen-default\"  ><div class=\"col-text-1 text-normal  element-top-20 element-bottom-20 os-animation\" data-os-animation=\"fadeInLeft\" data-os-animation-delay=\"0.2s\">\n    <p><strong>Unternehmensprofil und Geschichte<\/strong><br \/>\nMit mehr als 35 Jahren Branchenerfahrung als Lohnfertiger f\u00fcr Blech- und Geh\u00e4useteile aller Art ist die\u00a0SPM Pr\u00e4zisionsmechanik GmbH eine zuverl\u00e4ssiger Produzent f\u00fcr viele namhafte Kunden aus den Bereichen Sondermechanik f\u00fcr Elektronik, Medizintechnik und Automotive.<\/p>\n<p>Durch den\u00a0Einsatz neuester Technologien sowie bestens ausgebildeter Techniker werden Kunden durch jede Phase eines Projektes kompetent begleitet.<br \/>\nF\u00fcr Kunden aus \u00d6sterreich und Deutschland investiert SPM stetig in neueste Maschinen, Steuerungen und Mitarbeiterschulung, um Produkte in Top-Qualit\u00e4t herstellen zu k\u00f6nnen.<\/p>\n<\/div>\n<div class=\"figure element-top-0 element-bottom-20 image-effect-zoom-in  os-animation\" data-os-animation=\"fadeInUp\" data-os-animation-delay=\"0.5s\">\n            <a href=\"https:\/\/www.spm-gmbh.at\/wp-content\/uploads\/2016\/02\/224879_eb-1.jpg\" class=\"figure-image magnific\" target=\"_self\">\n        <img loading=\"lazy\" decoding=\"async\" width=\"794\" height=\"482\" src=\"https:\/\/www.spm-gmbh.at\/wp-content\/uploads\/2016\/02\/224879_eb-1.jpg\" class=\"attachment-full size-full\" alt=\"\" srcset=\"https:\/\/www.spm-gmbh.at\/wp-content\/uploads\/2016\/02\/224879_eb-1.jpg 794w, https:\/\/www.spm-gmbh.at\/wp-content\/uploads\/2016\/02\/224879_eb-1-300x182.jpg 300w, https:\/\/www.spm-gmbh.at\/wp-content\/uploads\/2016\/02\/224879_eb-1-768x466.jpg 768w\" sizes=\"auto, (max-width: 794px) 100vw, 794px\" \/>            <\/a>\n    <\/div>\n<\/div><div class=\"col-md-6     text-default small-screen-default\"  ><div class=\"col-text-1 text-normal  element-top-20 element-bottom-20 os-animation\" data-os-animation=\"fadeInRight\" data-os-animation-delay=\"0.4s\">\n    <p><strong>St\u00e4rken<\/strong><\/p>\n<ul>\n<li><strong>Projektmanagement:<\/strong><br \/>\nDie langj\u00e4hrige Erfahrung von SPM macht sich bei der Optimierung der Kunden Wertsch\u00f6pfungskette bezahlt.<\/li>\n<li><strong>Know-how:\u00a0<\/strong>Planungsberatung, Unterst\u00fctzung bei der Erstellung von Konstruktions- und Designdaten, der Abwicklung von Prototypenbau bis hin zur Gro\u00dfserie. Alles aus einer Hand.<\/li>\n<li><strong>Hoher Automatisierungsgrad:<\/strong><\/li>\n<li>Schnelle Reaktionszeiten<\/li>\n<li>Flexible und kundenspezifische Sonderl\u00f6sungen<\/li>\n<li>H\u00f6chste Pr\u00e4zision<\/li>\n<li>Sehr gutes Preis-\/ Leistungsverh\u00e4ltnis<\/li>\n<li><strong>Moderner Maschinenpark: <\/strong><\/li>\n<li>Bestens ausgebildete Techniker<\/li>\n<li>Top Qualit\u00e4t<\/li>\n<\/ul>\n<\/div>\n<\/div>        <\/div>\n    <\/div>\n<\/section>\n<section class=\"section  text-normal section-text-no-shadow section-inner-no-shadow section-normal section-opaque\"  >\n    \n    <div class=\"background-overlay grid-overlay-0 \" style=\"background-color: rgba(0,0,0,0);\"><\/div>\n\n    <div class=\"container container-vertical-default\">\n        <div class=\"row vertical-default\">\n            <div class=\"col-md-12     text-default small-screen-default\"  ><div class=\"divider-wrapper \" style=\"visibility:hidden;background-color:#FFFFFF\">\n    <div class=\"visible-xs\" style=\"height:24px;\"><\/div>\n    <div class=\"visible-sm\" style=\"height:24px;\"><\/div>\n    <div class=\"visible-md\" style=\"height:24px;\"><\/div>\n    <div class=\"visible-lg\" style=\"height:24px;\"><\/div>\n<\/div><\/div>        <\/div>\n    <\/div>\n<\/section>\n<section class=\"section  text-normal section-text-no-shadow section-inner-no-shadow section-normal section-opaque\"  >\n    \n    <div class=\"background-overlay grid-overlay-0 \" style=\"background-color: rgba(0,0,0,0);\"><\/div>\n\n    <div class=\"container-fullwidth container-vertical-default\">\n        <div class=\"row vertical-default\">\n            <div class=\"col-md-12     text-center small-screen-default\"  ><div class=\"list-container row  element-top-0 element-bottom-50\" data-os-animation=\"none\" data-os-animation-delay=\"0.1s\">\n<div class=\"col-md-4 text-normal element-top-0 element-bottom-20 text-center\" data-os-animation=\"none\" data-os-animation-delay=\"0.1s\">\n                        <span class=\"service-simple-image\">\n                                                            <img loading=\"lazy\" decoding=\"async\" width=\"100\" height=\"100\" src=\"https:\/\/www.spm-gmbh.at\/wp-content\/uploads\/2016\/02\/idea.png\" class=\"attachment-none-image size-none-image\" alt=\"Time to market\" \/>                                                <\/span>\n                        <h2>\n                        Time to market                    <\/h2>\n                <p>Sehr schnelle Reaktions- und Lieferzeiten z\u00e4hlen zu den gr\u00f6\u00dften St\u00e4rken von SPM Pr\u00e4zisionsmechanik. Die angefertigten Bauteile bestechen trotzdem mit hoher Pr\u00e4zision.<\/p>\n        <\/div><div class=\"col-md-4 text-normal element-top-0 element-bottom-20 text-center\" data-os-animation=\"none\" data-os-animation-delay=\"0.2s\">\n                        <span class=\"service-simple-image\">\n                                                            <img loading=\"lazy\" decoding=\"async\" width=\"100\" height=\"100\" src=\"https:\/\/www.spm-gmbh.at\/wp-content\/uploads\/2016\/02\/development.png\" class=\"attachment-none-image size-none-image\" alt=\"Daten\u00fcbernahme\" \/>                                                <\/span>\n                        <h2>\n                        Daten\u00fcbernahme                    <\/h2>\n                <p>Selbst f\u00fcr komplizierte Geh\u00e4use und Blechteile sind wenige Minuten nach Eingang der 3D-Daten die fertigen Produktionsdaten und NC-Texte erstellt.<\/p>\n        <\/div><div class=\"col-md-4 text-normal element-top-0 element-bottom-20 text-center\" data-os-animation=\"none\" data-os-animation-delay=\"0.3s\">\n                        <span class=\"service-simple-image\">\n                                                            <img loading=\"lazy\" decoding=\"async\" width=\"100\" height=\"100\" src=\"https:\/\/www.spm-gmbh.at\/wp-content\/uploads\/2016\/02\/time.png\" class=\"attachment-none-image size-none-image\" alt=\"Entwicklung\" \/>                                                <\/span>\n                        <h2>\n                        Entwicklung                    <\/h2>\n                <p>Sollte Ihr Unternehmen \u00fcber keine eigene Entwicklungsabteilung verf\u00fcgen, vermittelt SPM Pr\u00e4zisionsmechnik die Entwicklung der n\u00f6tigen Bauteile gerne f\u00fcr Sie.<\/p>\n        <\/div><\/div><\/div>        <\/div>\n    <\/div>\n<\/section>\n<section class=\"section  text-normal section-text-no-shadow section-inner-no-shadow section-normal section-opaque\"  >\n    \n    <div class=\"background-overlay grid-overlay-1 \" style=\"background-color: rgba(1,192,225,1);\"><\/div>\n\n    <div class=\"container container-vertical-middle\">\n        <div class=\"row vertical-middle\">\n            <div class=\"col-md-9     text-default small-screen-center\"  ><h2 class=\"text-center  element-top-60 element-bottom-60 text-light os-animation big light\" data-os-animation=\"fadeInLeft\" data-os-animation-delay=\"0s\" >\n    SIE BEN\u00d6TIGEN EINEN KOMPETENTEN LOHNFERTIGER F\u00dcR IHR BUSINESS?<\/h2><\/div><div class=\"col-md-3     text-default small-screen-default\"  ><a href=\"https:\/\/www.spm-gmbh.at\/?page_id=138\" class=\"btn btn-primary btn-lg  text-light btn-icon-right  element-left-0 element-right-0 element-top-60 element-bottom-60\" target=\"_self\"   data-os-animation=\"none\" data-os-animation-delay=\"0s\">\n\t    Treten Sie mit uns in Kontakt     \t    <i class=\"fa fa-comment-o\"  data-animation=\"tada\"><\/i>\n\t<\/a><\/div>        <\/div>\n    <\/div>\n<\/section>\n","protected":false},"excerpt":{"rendered":"Time Tracking Get it now and get your bussiness going. With a discount you can buy it now and If you&#039;re not completely happy, you can cancel within 30 days and get a full refund. Sign up now Basic $ 9.99 1 user 2 hours 10 Megabytes 100 SMS get it Silver $ 19.99 10","protected":false},"author":2,"featured_media":0,"parent":0,"menu_order":0,"comment_status":"closed","ping_status":"closed","template":"","meta":{"_monsterinsights_skip_tracking":false,"_monsterinsights_sitenote_active":false,"_monsterinsights_sitenote_note":"","_monsterinsights_sitenote_category":0,"footnotes":""},"class_list":["post-498","page","type-page","status-publish","hentry"],"_links":{"self":[{"href":"https:\/\/www.spm-gmbh.at\/index.php?rest_route=\/wp\/v2\/pages\/498","targetHints":{"allow":["GET"]}}],"collection":[{"href":"https:\/\/www.spm-gmbh.at\/index.php?rest_route=\/wp\/v2\/pages"}],"about":[{"href":"https:\/\/www.spm-gmbh.at\/index.php?rest_route=\/wp\/v2\/types\/page"}],"author":[{"embeddable":true,"href":"https:\/\/www.spm-gmbh.at\/index.php?rest_route=\/wp\/v2\/users\/2"}],"replies":[{"embeddable":true,"href":"https:\/\/www.spm-gmbh.at\/index.php?rest_route=%2Fwp%2Fv2%2Fcomments&post=498"}],"version-history":[{"count":27,"href":"https:\/\/www.spm-gmbh.at\/index.php?rest_route=\/wp\/v2\/pages\/498\/revisions"}],"predecessor-version":[{"id":933,"href":"https:\/\/www.spm-gmbh.at\/index.php?rest_route=\/wp\/v2\/pages\/498\/revisions\/933"}],"wp:attachment":[{"href":"https:\/\/www.spm-gmbh.at\/index.php?rest_route=%2Fwp%2Fv2%2Fmedia&parent=498"}],"curies":[{"name":"wp","href":"https:\/\/api.w.org\/{rel}","templated":true}]}}