{"id":647,"date":"2016-02-24T20:13:10","date_gmt":"2016-02-24T20:13:10","guid":{"rendered":"http:\/\/www.spm-gmbh.at\/?page_id=647"},"modified":"2019-08-23T09:37:32","modified_gmt":"2019-08-23T09:37:32","slug":"impressum","status":"publish","type":"page","link":"https:\/\/www.spm-gmbh.at\/?page_id=647","title":{"rendered":"Impressum &#038; Datenschutz"},"content":{"rendered":"<section class=\"section  text-normal section-text-no-shadow section-inner-no-shadow section-normal section-opaque\"  >\n    \n    <div class=\"background-overlay grid-overlay-0 \" style=\"background-color: rgba(0,0,0,0);\"><\/div>\n\n    <div class=\"container container-vertical-default\">\n        <div class=\"row vertical-default\">\n            <div class=\"col-md-12     text-default small-screen-default\"  ><div class=\"divider-wrapper \" style=\"visibility:hidden;background-color:#FFFFFF\">\n    <div class=\"visible-xs\" style=\"height:24px;\"><\/div>\n    <div class=\"visible-sm\" style=\"height:40px;\"><\/div>\n    <div class=\"visible-md\" style=\"height:50px;\"><\/div>\n    <div class=\"visible-lg\" style=\"height:60px;\"><\/div>\n<\/div><div class=\"col-text-1 text-normal  element-top-20 element-bottom-20\" data-os-animation=\"none\" data-os-animation-delay=\"0s\">\n    <div class=\"container-fluid\">\n<section id=\"about\" class=\"section text-normal section-text-no-shadow section-inner-no-shadow section-normal section-opaque\">\n<div class=\"container container-vertical-middle\">\n<div class=\"row vertical-middle\">\n<div class=\"col-md-12 text-left small-screen-center\">\n<h1 class=\"text-center element-top-70 element-bottom-0 text-normal os-animation big regular animated fadeIn\" style=\"text-align: center;\" data-os-animation=\"fadeIn\" data-os-animation-delay=\"0s\">IMPRESSUM<\/h1>\n<div class=\"divider-border divider-border-center element-top-10 element-bottom-10 os-animation animated fadeIn\" style=\"text-align: center;\" data-os-animation=\"fadeIn\" data-os-animation-delay=\"0.1s\"><\/div>\n<div class=\"col-text-1 text-normal element-top-20 element-bottom-20 os-animation animated fadeIn\" style=\"text-align: center;\" data-os-animation=\"fadeIn\" data-os-animation-delay=\"0.2s\">\n<p>Sch\u00f6rgenhumer Pr\u00e4zisionsmechanik GesmbH<br \/>\nD\u00f6stling 9<br \/>\nA-5121 Ostermiething<\/p>\n<p>Gesch\u00e4ftsf\u00fchrung:<br \/>\nHelmut Eberherr<\/p>\n<p>Tel: + 43 (0) 6278\/6205<br \/>\nFax: + 43 (0) 6278\/6205 33<br \/>\nE-Mail: <a href=\"mailto:office@spm-gmbh.at\">office@spm-gmbh.at<\/a><\/p>\n<\/div>\n<\/div>\n<\/div>\n<\/div>\n<\/section>\n<section id=\"services\" class=\"section text-normal section-text-no-shadow section-inner-no-shadow section-normal section-opaque\">\n<div class=\"background-overlay grid-overlay-0 \" style=\"text-align: center;\"><\/div>\n<div class=\"container container-vertical-default\">\n<div class=\"row vertical-default\">\n<div class=\"col-md-12 text-default small-screen-default\">\n<h1 class=\"text-center element-top-70 element-bottom-0 text-normal os-animation big regular animated fadeIn\" style=\"text-align: center;\" data-os-animation=\"fadeIn\" data-os-animation-delay=\"0s\">DATENSCHUTZ<\/h1>\n<div class=\"divider-border divider-border-center element-top-10 element-bottom-10 os-animation animated fadeIn\" style=\"text-align: center;\" data-os-animation=\"fadeIn\" data-os-animation-delay=\"0.1s\"><\/div>\n<div class=\"col-text-1 text-normal element-top-20 element-bottom-20\" data-os-animation=\"none\" data-os-animation-delay=\"0s\">\n<div class=\"copy\" style=\"text-align: center;\">\n<p><strong>Haftungsausschluss<\/strong><br \/>\n1. Inhalt des Onlineangebotes<br \/>\nDer Autor \u00fcbernimmt keinerlei Gew\u00e4hr f\u00fcr die Aktualit\u00e4t, Korrektheit, Vollst\u00e4ndigkeit oder Qualit\u00e4t der bereitgestellten Informationen. Haftungsanspr\u00fcche gegen den Autor, welche sich auf Sch\u00e4den materieller oder ideeller Art beziehen, die durch die Nutzung oder Nichtnutzung der dargebotenen Informationen bzw. durch die Nutzung fehlerhafter und unvollst\u00e4ndiger Informationen verursacht wurden, sind grunds\u00e4tzlich ausgeschlossen, sofern seitens des Autors kein nachweislich vors\u00e4tzliches oder grob fahrl\u00e4ssiges Verschulden vorliegt.<br \/>\nAlle Angebote sind freibleibend und unverbindlich. Der Autor beh\u00e4lt es sich ausdr\u00fccklich vor, Teile der Seiten oder das gesamte Angebot ohne gesonderte Ank\u00fcndigung zu ver\u00e4ndern, zu erg\u00e4nzen, zu l\u00f6schen oder die Ver\u00f6ffentlichung zeitweise oder endg\u00fcltig einzustellen.<br \/>\n2. Verweise und Links<br \/>\nBei direkten oder indirekten Verweisen auf fremde Webseiten (\u201cHyperlinks\u201d), die au\u00dferhalb des Verantwortungsbereiches des Autors liegen, w\u00fcrde eine Haftungsverpflichtung ausschlie\u00dflich in dem Fall in Kraft treten, in dem der Autor von den Inhalten Kenntnis hat und es ihm technisch m\u00f6glich und zumutbar w\u00e4re, die Nutzung im Falle rechtswidriger Inhalte zu verhindern.<br \/>\nDer Autor erkl\u00e4rt hiermit ausdr\u00fccklich, dass zum Zeitpunkt der Linksetzung keine illegalen Inhalte auf den zu verlinkenden Seiten erkennbar waren. Auf die aktuelle und zuk\u00fcnftige Gestaltung, die Inhalte oder die Urheberschaft der verlinkten\/verkn\u00fcpften Seiten hat der Autor keinerlei Einfluss. Deshalb distanziert er sich hiermit ausdr\u00fccklich von allen Inhalten aller verlinkten \/verkn\u00fcpften Seiten, die nach der Linksetzung ver\u00e4ndert wurden. Diese Feststellung gilt f\u00fcr alle innerhalb des eigenen Internetangebotes gesetzten Links und Verweise sowie f\u00fcr Fremdeintr\u00e4ge in vom Autor eingerichteten G\u00e4steb\u00fcchern, Diskussionsforen, Linkverzeichnissen, Mailinglisten und in allen anderen Formen von Datenbanken, auf deren Inhalt externe Schreibzugriffe m\u00f6glich sind. F\u00fcr illegale, fehlerhafte oder unvollst\u00e4ndige Inhalte und insbesondere f\u00fcr Sch\u00e4den, die aus der Nutzung oder Nichtnutzung solcherart dargebotener Informationen entstehen, haftet allein der Anbieter der Seite, auf welche verwiesen wurde, nicht derjenige, der \u00fcber Links auf die jeweilige Ver\u00f6ffentlichung lediglich verweist.<br \/>\n3. Urheber- und Kennzeichenrecht<br \/>\nDer Autor ist bestrebt, in allen Publikationen die Urheberrechte der verwendeten Bilder, Grafiken, Tondokumente, Videosequenzen und Texte zu beachten, von ihm selbst erstellte Bilder, Grafiken, Tondokumente, Videosequenzen und Texte zu nutzen oder auf lizenzfreie Grafiken, Tondokumente, Videosequenzen und Texte zur\u00fcckzugreifen.<br \/>\nAlle innerhalb des Internetangebotes genannten und ggf. durch Dritte gesch\u00fctzten Marken- und Warenzeichen unterliegen uneingeschr\u00e4nkt den Bestimmungen des jeweils g\u00fcltigen Kennzeichenrechts und den Besitzrechten der jeweiligen eingetragenen Eigent\u00fcmer. Allein aufgrund der blo\u00dfen Nennung ist nicht der Schluss zu ziehen, dass Markenzeichen nicht durch Rechte Dritter gesch\u00fctzt sind!<br \/>\nDas Copyright f\u00fcr ver\u00f6ffentlichte, vom Autor selbst erstellte Objekte bleibt allein beim Autor der Seiten. Eine Vervielf\u00e4ltigung oder Verwendung solcher Grafiken, Tondokumente, Videosequenzen und Texte in anderen elektronischen oder gedruckten Publikationen ist ohne ausdr\u00fcckliche Zustimmung des Autors nicht gestattet.<\/p>\n<\/div>\n<p style=\"text-align: center;\">3.1 Bildnachweis<\/p>\n<p style=\"text-align: center;\">Diverse freigegebene Bilder von Partnern<\/p>\n<div class=\"copy\">\n<p style=\"text-align: center;\">4. Datenschutz<br \/>\nSofern innerhalb des Internetangebotes die M\u00f6glichkeit zur Eingabe pers\u00f6nlicher oder gesch\u00e4ftlicher Daten (Emailadressen, Namen, Anschriften) besteht, so erfolgt die Preisgabe dieser Daten seitens des Nutzers auf ausdr\u00fccklich freiwilliger Basis. Die Inanspruchnahme und Bezahlung aller angebotenen Dienste ist \u2013 soweit technisch m\u00f6glich und zumutbar \u2013 auch ohne Angabe solcher Daten bzw. unter Angabe anonymisierter Daten oder eines Pseudonyms gestattet. Die Nutzung der im Rahmen des Impressums oder vergleichbarer Angaben ver\u00f6ffentlichten Kontaktdaten wie Postanschriften, Telefon- und Faxnummern sowie Emailadressen durch Dritte zur \u00dcbersendung von nicht ausdr\u00fccklich angeforderten Informationen ist nicht gestattet. Rechtliche Schritte gegen die Versender von sogenannten Spam-Mails bei Verst\u00f6ssen gegen dieses Verbot sind ausdr\u00fccklich vorbehalten.<br \/>\n5. Rechtswirksamkeit dieses Haftungsausschlusses<br \/>\nDieser Haftungsausschluss ist als Teil des Internetangebotes zu betrachten, von dem aus auf diese Seite verwiesen wurde. Sofern Teile oder einzelne Formulierungen dieses Textes der geltenden Rechtslage nicht, nicht mehr oder nicht vollst\u00e4ndig entsprechen sollten, bleiben die \u00fcbrigen Teile des Dokumentes in ihrem Inhalt und ihrer G\u00fcltigkeit davon unber\u00fchrt.<\/p>\n<p style=\"text-align: center;\"><strong>Datenschutzerkl\u00e4rung:<\/strong><br \/>\nDer Schutz Ihrer personenbezogenen Daten bei der Erhebung, Verarbeitung und Nutzung anl\u00e4sslich Ihres Besuchs auf dieser Website ist uns ein wichtiges Anliegen. Ihre Daten werden im Rahmen der gesetzlichen Vorschriften gesch\u00fctzt. Nachfolgend finden Sie Informationen, welche Daten w\u00e4hrend Ihres Besuchs auf der Homepage erfasst und wie diese genutzt werden:<br \/>\n1. Erhebung und Verarbeitung von Daten<br \/>\nJeder Zugriff auf diese Website und jeder Abruf einer auf dieser Website hinterlegten Datei werden in einer Logdatei protokolliert. Die Speicherung dient in erster Linie statistischen Zwecken sowie zur Aufrechterhaltung der Funktionalit\u00e4t. Aufgezeichnet werden folgende Informationen:<br \/>\nName der abgerufenen Datei<br \/>\nBrowsertyp\/ -version<br \/>\nverwendetes Betriebssystem<br \/>\nReferrer URL (die zuvor besuchte Seite)<br \/>\nSuchbegriffe (bei Weiterleitung von einer Suchmaschine)<br \/>\nHostname des zugreifenden Rechners (IP Adresse)<br \/>\n\u00dcbertragene Datenmenge (Transfervolumen)<br \/>\nDiese Daten erlauben keine direkten R\u00fcckschl\u00fcsse auf Ihre tats\u00e4chliche Person und Identit\u00e4t. Daher geh\u00f6ren diese Daten nicht zu den personenbezogenen Daten. Diese Daten werden im Anschluss an eine statistische Auswertung gel\u00f6scht, sofern diese nicht zur Aufrechterhaltung der Funktionalit\u00e4t dieser Website erforderlich sind.<br \/>\nWeitergehende und\/oder personenbezogene Daten werden nur erfasst, wenn Sie diese Angaben freiwillig im Rahmen eines Gastkommentares, einer Registrierung oder im Zuge einer durch Sie veranlassten pers\u00f6nlichen Kontaktaufnahme machen. Sofern Sie im Rahmen eines Gastkommentares freiwillig eine Emailadresse hinterlassen, bitte ich Sie, keine Falschangaben zu machen oder eine dritte Person zu kompromittieren oder deren Identit\u00e4t vorzut\u00e4uschen.<br \/>\n2. Nutzung und Weitergabe personenbezogener Daten<br \/>\nSoweit Sie mir personenbezogene Daten zur Verf\u00fcgung gestellt haben, verwende ich diese nur zur Beantwortung Ihrer Anfragen und f\u00fcr die technische Administration.<br \/>\nIhre personenbezogenen Daten werden an Dritte nur weitergegeben oder sonst \u00fcbermittelt, wenn dies zum Zwecke einer Vertragsabwicklung mit Ihrer Zustimmung erfolgt, zur Gew\u00e4hrleistung der Funktionalit\u00e4t diese Website notwendig ist oder im Rahmen einer Anordnung einer im Sinne des Gesetzes berechtigten Stelle erforderlich wird.<br \/>\nSie haben das Recht, eine erteilte Einwilligung mit Wirkung f\u00fcr die Zukunft jederzeit schriftlich zu widerrufen. Die L\u00f6schung der gespeicherten personenbezogenen Daten erfolgt, wenn Sie Ihre Einwilligung zur Speicherung widerrufen, wenn ihre Kenntnis zur Erf\u00fcllung des mit der Speicherung verfolgten Zwecks nicht mehr erforderlich ist oder wenn ihre Speicherung aus sonstigen gesetzlichen Gr\u00fcnden unzul\u00e4ssig ist oder wird.<br \/>\n3. Auskunftsrecht<br \/>\nAuf schriftliche Anfrage werde ich Sie gern \u00fcber die zu Ihrer Person gespeicherten Daten informieren.<br \/>\n4. L\u00f6schungsvorbehalt<br \/>\nIch behalte mir vor, zur Aufrechterhaltung der Funktionalit\u00e4t oder zur Wahrung der von mir f\u00fcr diese Website vorgesehenen Intention oder im Falle von anzunehmenden oder bereits eingetretenen Verst\u00f6\u00dfen gegen Sitte, Moral oder geltendes Recht Daten \u2013 dazu geh\u00f6ren insbesondere Gastkommentare oder ver\u00f6ffentlichte Artikel \u2013 ohne R\u00fcckfrage und nach eigenem Ermessen zu l\u00f6schen.<br \/>\n5. Sicherheitshinweis<br \/>\nIhre personenbezogenen Daten werden durch Ergreifung aller zur Verf\u00fcgung stehenden technischen und organisatorischen Mittel m\u00f6glichst so gespeichert, dass sie f\u00fcr Dritte nicht zug\u00e4nglich sind. Bei der Kommunikation per Email kann die vollst\u00e4ndige Datensicherheit nicht gew\u00e4hrleistet werden, so dass f\u00fcr vertrauliche Informationen der Postweg empfohlen wird.<\/p>\n<p style=\"text-align: center;\"><strong>Erg\u00e4nzung\u00a0<\/strong><strong>Datenschutzerkl\u00e4rung ab 25.05.2018 nach WKO Vorlage (<\/strong><b>https:\/\/www.wko.at\/service\/wirtschaftsrecht-gewerberecht\/muster-informationspflichten-website-datenschutzerklaerung.html):<\/b><\/p>\n<p style=\"text-align: center;\">Der Schutz Ihrer pers\u00f6nlichen Daten ist uns ein besonderes Anliegen. Wir verarbeiten Ihre Daten daher ausschlie\u00dflich auf Grundlage der gesetzlichen Bestimmungen (DSGVO, TKG 2003). In diesen Datenschutzinformationen informieren wir Sie \u00fcber die wichtigsten Aspekte der Datenverarbeitung im Rahmen unserer Website.<\/p>\n<p style=\"text-align: center;\"><b>Kontakt mit uns<\/b><\/p>\n<p style=\"text-align: center;\">Wenn Sie per Formular auf der Website oder per E-Mail Kontakt mit uns aufnehmen, werden Ihre angegebenen Daten zwecks Bearbeitung der Anfrage und f\u00fcr den Fall von Anschlussfragen sechs Monate bei uns gespeichert. Diese Daten geben wir nicht ohne Ihre Einwilligung weiter.<\/p>\n<p style=\"text-align: center;\"><b>Cookies<\/b><\/p>\n<p style=\"text-align: center;\">Unsere Website verwendet so genannte Cookies. Dabei handelt es sich um kleine Textdateien, die mit Hilfe des Browsers auf Ihrem Endger\u00e4t abgelegt werden. Sie richten keinen Schaden an.<\/p>\n<p style=\"text-align: center;\">Wir nutzen Cookies dazu, unser Angebot nutzerfreundlich zu gestalten. Einige Cookies bleiben auf Ihrem Endger\u00e4t gespeichert, bis Sie diese l\u00f6schen. Sie erm\u00f6glichen es uns, Ihren Browser beim n\u00e4chsten Besuch wiederzuerkennen.<\/p>\n<p style=\"text-align: center;\">Wenn Sie dies nicht w\u00fcnschen, so k\u00f6nnen Sie Ihren Browser so einrichten, dass er Sie \u00fcber das Setzen von Cookies informiert und Sie dies nur im Einzelfall erlauben.<\/p>\n<p style=\"text-align: center;\">Bei der Deaktivierung von Cookies kann die Funktionalit\u00e4t unserer Website eingeschr\u00e4nkt sein.<\/p>\n<p style=\"text-align: center;\"><b>Web-Analyse<\/b><\/p>\n<p style=\"text-align: center;\">Unsere Website verwendet Funktionen des Webanalysedienstes\u00a0<b>Google Ireland Ltd. in Dublin<\/b>. Dazu werden Cookies verwendet, die eine Analyse der Benutzung der Website durch Ihre Benutzer erm\u00f6glicht. Die dadurch erzeugten Informationen werden auf den Server des Anbieters \u00fcbertragen und dort gespeichert. Sie k\u00f6nnen dies verhindern, indem Sie Ihren Browser so einrichten, dass keine Cookies gespeichert werden. Wir haben mit dem Anbieter einen entsprechenden Vertrag zur Auftragsdatenverarbeitung abgeschlossen.<\/p>\n<p style=\"text-align: center;\">{Nutzung von IP-Adressen auf Basis der Rechtsgrundlage \u201eberechtigtes Interesse\u201c; in diesem Fall wird eine Pseudonymisierung empfohlen:} Ihre IP-Adresse wird erfasst, aber umgehend [zB durch L\u00f6schung der letzten 8 Bit] pseudonymisiert. Dadurch ist nur mehr eine grobe Lokalisierung m\u00f6glich.<\/p>\n<p style=\"text-align: center;\"><b>Ihre Rechte<\/b><\/p>\n<p style=\"text-align: center;\">Ihnen stehen bez\u00fcglich Ihrer bei uns gespeicherten Daten grunds\u00e4tzlich die Rechte auf Auskunft, Berichtigung, L\u00f6schung, Einschr\u00e4nkung, Daten\u00fcbertragbarkeit, Widerruf und Widerspruch zu. Wenn Sie glauben, dass die Verarbeitung Ihrer Daten gegen das Datenschutzrecht verst\u00f6\u00dft oder Ihre datenschutzrechtlichen Anspr\u00fcche sonst in einer Weise verletzt worden sind, k\u00f6nnen Sie sich bei uns <a href=\"mailto:office@spm-gmbh.at\">office@spm-gmbh.at<\/a> oder der Datenschutzbeh\u00f6rde beschweren.<\/p>\n<p style=\"text-align: center;\">\n<\/div>\n<\/div>\n<\/div>\n<\/div>\n<\/div>\n<\/section>\n<h3><\/h3>\n<\/div>\n<\/div>\n<\/div>        <\/div>\n    <\/div>\n<\/section>\n\n","protected":false},"excerpt":{"rendered":"IMPRESSUM Sch\u00f6rgenhumer Pr\u00e4zisionsmechanik GesmbH D\u00f6stling 9 A-5121 Ostermiething Gesch\u00e4ftsf\u00fchrung: Helmut Eberherr Tel: + 43 (0) 6278\/6205 Fax: + 43 (0) 6278\/6205 33 E-Mail: office@spm-gmbh.at DATENSCHUTZ Haftungsausschluss 1. Inhalt des Onlineangebotes Der Autor \u00fcbernimmt keinerlei Gew\u00e4hr f\u00fcr die Aktualit\u00e4t, Korrektheit, Vollst\u00e4ndigkeit oder Qualit\u00e4t der bereitgestellten Informationen. Haftungsanspr\u00fcche gegen den Autor, welche sich auf Sch\u00e4den materieller oder","protected":false},"author":2,"featured_media":0,"parent":0,"menu_order":0,"comment_status":"closed","ping_status":"closed","template":"","meta":{"_monsterinsights_skip_tracking":false,"_monsterinsights_sitenote_active":false,"_monsterinsights_sitenote_note":"","_monsterinsights_sitenote_category":0,"footnotes":""},"class_list":["post-647","page","type-page","status-publish","hentry"],"_links":{"self":[{"href":"https:\/\/www.spm-gmbh.at\/index.php?rest_route=\/wp\/v2\/pages\/647","targetHints":{"allow":["GET"]}}],"collection":[{"href":"https:\/\/www.spm-gmbh.at\/index.php?rest_route=\/wp\/v2\/pages"}],"about":[{"href":"https:\/\/www.spm-gmbh.at\/index.php?rest_route=\/wp\/v2\/types\/page"}],"author":[{"embeddable":true,"href":"https:\/\/www.spm-gmbh.at\/index.php?rest_route=\/wp\/v2\/users\/2"}],"replies":[{"embeddable":true,"href":"https:\/\/www.spm-gmbh.at\/index.php?rest_route=%2Fwp%2Fv2%2Fcomments&post=647"}],"version-history":[{"count":11,"href":"https:\/\/www.spm-gmbh.at\/index.php?rest_route=\/wp\/v2\/pages\/647\/revisions"}],"predecessor-version":[{"id":990,"href":"https:\/\/www.spm-gmbh.at\/index.php?rest_route=\/wp\/v2\/pages\/647\/revisions\/990"}],"wp:attachment":[{"href":"https:\/\/www.spm-gmbh.at\/index.php?rest_route=%2Fwp%2Fv2%2Fmedia&parent=647"}],"curies":[{"name":"wp","href":"https:\/\/api.w.org\/{rel}","templated":true}]}}