{"id":657,"date":"2019-04-24T13:39:42","date_gmt":"2019-04-24T13:39:42","guid":{"rendered":"http:\/\/www.spm-gmbh.at\/?page_id=657"},"modified":"2025-03-31T08:25:00","modified_gmt":"2025-03-31T08:25:00","slug":"qualitaet","status":"publish","type":"page","link":"https:\/\/www.spm-gmbh.at\/?page_id=657","title":{"rendered":"Die Qualit\u00e4t"},"content":{"rendered":"<section class=\"section  text-normal section-text-no-shadow section-inner-no-shadow section-normal section-opaque\"  >\n    \n    <div class=\"background-overlay grid-overlay-0 \" style=\"background-color: rgba(0,0,0,0);\"><\/div>\n\n    <div class=\"container container-vertical-default\">\n        <div class=\"row vertical-default\">\n            <div class=\"col-md-12     text-default small-screen-default\"  ><div class=\"divider-wrapper \" style=\"visibility:hidden;background-color:#FFFFFF\">\n    <div class=\"visible-xs\" style=\"height:24px;\"><\/div>\n    <div class=\"visible-sm\" style=\"height:40px;\"><\/div>\n    <div class=\"visible-md\" style=\"height:50px;\"><\/div>\n    <div class=\"visible-lg\" style=\"height:60px;\"><\/div>\n<\/div><div class=\"col-text-1 text-normal  element-top-20 element-bottom-20 os-animation\" data-os-animation=\"fadeInLeft\" data-os-animation-delay=\"0.2s\">\n    <p><span style=\"font-size: xx-large;\"> Um h\u00f6chsten Anspr\u00fcchen gewachsen zu sein! <\/span><\/p>\n<\/div>\n<div class=\"col-text-1 text-normal  element-top-20 element-bottom-20\" data-os-animation=\"none\" data-os-animation-delay=\"0s\">\n    <p><strong>Fertigungsprozess nach ISO 9001:2015.<\/strong><\/p>\n<p>Um Produktionsabl\u00e4ufe zu optimieren und die Qualit\u00e4t zu standardisieren arbeitet die Firma SPM mit dem weltweit verbreiteten Qualit\u00e4tsmanagementsystem.<br \/>\nWir nehmen unseren Qualit\u00e4tsanspruch sehr ernst, um den hohen Anforderungen unserer Kunden zu entsprechen und wenn m\u00f6glich zu \u00fcbertreffen!<br \/>\nUnsere hohen Standards werden laufend durch \u00dcberpr\u00fcfungen kontrolliert und offiziell best\u00e4tigt.<br \/>\nNach ISO 9001:2015 verpflichten wir uns der st\u00e4ndigen Weiterentwicklung unserer Qualit\u00e4tspolitik und der Weiterbildung unserer Mitarbeiter.<\/p>\n<\/div>\n<\/div>        <\/div>\n    <\/div>\n<\/section>\n<section class=\"section  text-normal section-text-no-shadow section-inner-no-shadow section-normal section-opaque\"  >\n    \n    <div class=\"background-overlay grid-overlay-0 \" style=\"background-color: rgba(0,0,0,0);\"><\/div>\n\n    <div class=\"container container-vertical-default\">\n        <div class=\"row vertical-default\">\n            <div class=\"col-md-12     text-default small-screen-default\"  ><div class=\"divider-wrapper \" style=\"visibility:hidden;background-color:#FFFFFF\">\n    <div class=\"visible-xs\" style=\"height:24px;\"><\/div>\n    <div class=\"visible-sm\" style=\"height:24px;\"><\/div>\n    <div class=\"visible-md\" style=\"height:24px;\"><\/div>\n    <div class=\"visible-lg\" style=\"height:24px;\"><\/div>\n<\/div><div class=\"col-text-1 text-normal  element-top-20 element-bottom-0\" data-os-animation=\"none\" data-os-animation-delay=\"0s\">\n    <p><strong>Download ISO 9001:2015 Zertifikat<\/strong><\/p>\n<\/div>\n<a href=\"https:\/\/www.spm-gmbh.at\/wp-content\/uploads\/2025\/03\/2025-Zertifikat-9001-SPM.pdf\" class=\"btn btn-default btn-sm  text-normal   element-left-0 element-right-0 element-top-10 element-bottom-40\" target=\"_self\"   data-os-animation=\"none\" data-os-animation-delay=\"0s\">\n\t    PDF Download     <\/a><\/div>        <\/div>\n    <\/div>\n<\/section>\n<section class=\"section  text-normal section-text-no-shadow section-inner-no-shadow section-normal section-opaque\"  >\n    \n    <div class=\"background-overlay grid-overlay-0 \" style=\"background-color: rgba(0,0,0,0);\"><\/div>\n\n    <div class=\"container container-vertical-default\">\n        <div class=\"row vertical-default\">\n            <div class=\"col-md-12     text-default small-screen-center\"  ><\/div>        <\/div>\n    <\/div>\n<\/section>\n","protected":false},"excerpt":{"rendered":"Um h\u00f6chsten Anspr\u00fcchen gewachsen zu sein! Fertigungsprozess nach ISO 9001:2015. Um Produktionsabl\u00e4ufe zu optimieren und die Qualit\u00e4t zu standardisieren arbeitet die Firma SPM mit dem weltweit verbreiteten Qualit\u00e4tsmanagementsystem. Wir nehmen unseren Qualit\u00e4tsanspruch sehr ernst, um den hohen Anforderungen unserer Kunden zu entsprechen und wenn m\u00f6glich zu \u00fcbertreffen! Unsere hohen Standards werden laufend durch \u00dcberpr\u00fcfungen kontrolliert","protected":false},"author":2,"featured_media":0,"parent":0,"menu_order":0,"comment_status":"closed","ping_status":"closed","template":"","meta":{"_monsterinsights_skip_tracking":false,"_monsterinsights_sitenote_active":false,"_monsterinsights_sitenote_note":"","_monsterinsights_sitenote_category":0,"footnotes":""},"class_list":["post-657","page","type-page","status-publish","hentry"],"_links":{"self":[{"href":"https:\/\/www.spm-gmbh.at\/index.php?rest_route=\/wp\/v2\/pages\/657","targetHints":{"allow":["GET"]}}],"collection":[{"href":"https:\/\/www.spm-gmbh.at\/index.php?rest_route=\/wp\/v2\/pages"}],"about":[{"href":"https:\/\/www.spm-gmbh.at\/index.php?rest_route=\/wp\/v2\/types\/page"}],"author":[{"embeddable":true,"href":"https:\/\/www.spm-gmbh.at\/index.php?rest_route=\/wp\/v2\/users\/2"}],"replies":[{"embeddable":true,"href":"https:\/\/www.spm-gmbh.at\/index.php?rest_route=%2Fwp%2Fv2%2Fcomments&post=657"}],"version-history":[{"count":24,"href":"https:\/\/www.spm-gmbh.at\/index.php?rest_route=\/wp\/v2\/pages\/657\/revisions"}],"predecessor-version":[{"id":1057,"href":"https:\/\/www.spm-gmbh.at\/index.php?rest_route=\/wp\/v2\/pages\/657\/revisions\/1057"}],"wp:attachment":[{"href":"https:\/\/www.spm-gmbh.at\/index.php?rest_route=%2Fwp%2Fv2%2Fmedia&parent=657"}],"curies":[{"name":"wp","href":"https:\/\/api.w.org\/{rel}","templated":true}]}}