{"id":736,"date":"2019-04-26T04:38:39","date_gmt":"2019-04-26T04:38:39","guid":{"rendered":"http:\/\/www.spm-gmbh.at\/?page_id=736"},"modified":"2025-01-24T10:35:27","modified_gmt":"2025-01-24T10:35:27","slug":"jobs","status":"publish","type":"page","link":"https:\/\/www.spm-gmbh.at\/?page_id=736","title":{"rendered":"Jobs"},"content":{"rendered":"<section class=\"section  text-normal section-text-no-shadow section-inner-no-shadow section-normal section-opaque\"  >\n    \n    <div class=\"background-overlay grid-overlay-0 \" style=\"background-color: rgba(0,0,0,0);\"><\/div>\n\n    <div class=\"container container-vertical-default\">\n        <div class=\"row vertical-default\">\n            <div class=\"col-md-12     text-default small-screen-default\"  ><div class=\"divider-wrapper \" style=\"visibility:hidden;background-color:#FFFFFF\">\n    <div class=\"visible-xs\" style=\"height:24px;\"><\/div>\n    <div class=\"visible-sm\" style=\"height:40px;\"><\/div>\n    <div class=\"visible-md\" style=\"height:50px;\"><\/div>\n    <div class=\"visible-lg\" style=\"height:60px;\"><\/div>\n<\/div><\/div>        <\/div>\n    <\/div>\n<\/section>\n<section class=\"section  text-normal section-text-no-shadow section-inner-no-shadow section-normal section-opaque\"  >\n    \n    <div class=\"background-overlay grid-overlay-0 \" style=\"background-color: rgba(0,0,0,0);\"><\/div>\n\n    <div class=\"container container-vertical-default\">\n        <div class=\"row vertical-default\">\n            <div class=\"col-md-12     text-default small-screen-default\"  ><div class=\"col-text-1 text-normal  element-top-20 element-bottom-20\" data-os-animation=\"none\" data-os-animation-delay=\"0s\">\n    <p><strong>Wir suchen Verst\u00e4rkung!<\/strong><\/p>\n<\/div>\n<\/div>        <\/div>\n    <\/div>\n<\/section>\n<section class=\"section  text-normal section-text-no-shadow section-inner-no-shadow section-normal section-opaque\"  >\n    \n    <div class=\"background-overlay grid-overlay-0 \" style=\"background-color: rgba(0,0,0,0);\"><\/div>\n\n    <div class=\"container container-vertical-default\">\n        <div class=\"row vertical-default\">\n            <div class=\"col-md-12     text-default small-screen-default\"  >\n<div id=\"accordion_886\" class=\"panel-group  element-top-20 element-bottom-80\" data-os-animation=\"none\" data-os-animation-delay=\"0s\">\n\t\t\t\t\t\t\t    <div class=\"panel panel-primary\">\n\t\t        <div class=\"panel-heading\">\n\t\t            <a href=\"#group_312\" class=\"accordion-toggle collapsed\" data-parent = \"#accordion_886\" data-toggle=\"collapse\" >Reinigungskraft im Ausma\u00df von 15 Wochenstunden<\/a>\n\t\t        <\/div>\n\t\t        <div id=\"group_312\" class=\"panel-collapse collapse \">\n\t\t            <div class=\"panel-body\">\n\t\t                <div class=\"col-text-1 text-normal  element-top-20 element-bottom-20\" data-os-animation=\"none\" data-os-animation-delay=\"0s\">\n    <p><strong>Anforderungsprofil:<\/strong><strong>\u00a0<\/strong><\/p>\n<ul>\n<li>Berufserfahrung als Reinigungskraft von Vorteil<\/li>\n<li>Ordnungssinn und Gewissenhaftigkeit<\/li>\n<li>Freundliches und gepflegtes Auftreten<\/li>\n<li>Deutschkenntnisse und Freude an der Dienstleistung<\/li>\n<\/ul>\n<p>&nbsp;<\/p>\n<p><strong>Aufgaben:<\/strong><strong>\u00a0<\/strong><\/p>\n<ul>\n<li>Reinigung des gesamten Produktions- und B\u00fcrobereichs sowie Reinigung der Personal-, Sanit\u00e4r-, und Aufenthaltsr\u00e4ume<\/li>\n<li>Funktionsgerechte Bedienung der Ger\u00e4te sowie fachgerechte M\u00fcllentsorgung<\/li>\n<\/ul>\n<p>&nbsp;<\/p>\n<p>Wir bieten Ihnen eine Entlohnung laut Kollektivvertrag, \u00dcberzahlung je nach Ausbildung, Qualifikation und Erfahrung.<br \/>\nSenden Sie uns Ihre Bewerbung bitte als\u00a0<strong>.pdf<\/strong>\u00a0an\u00a0<a href=\"mailto:office@spm-gmbh.at\">office@spm-gmbh.at<\/a><\/p>\n<\/div>\n\t\t            <\/div>\n\t\t        <\/div>\n\t\t    <\/div>\n\t   \t\t\t\t\t\t\t\t    <div class=\"panel panel-primary\">\n\t\t        <div class=\"panel-heading\">\n\t\t            <a href=\"#group_657\" class=\"accordion-toggle collapsed\" data-parent = \"#accordion_886\" data-toggle=\"collapse\" >Metallbearbeitungstechniker-Abkanten<\/a>\n\t\t        <\/div>\n\t\t        <div id=\"group_657\" class=\"panel-collapse collapse \">\n\t\t            <div class=\"panel-body\">\n\t\t                <div class=\"col-text-1 text-normal  element-top-20 element-bottom-20\" data-os-animation=\"none\" data-os-animation-delay=\"0s\">\n    <p><strong>Anforderungsprofil:<\/strong><\/p>\n<ul>\n<li>Abgeschlossene Berufsausbildung im Metallbereich<\/li>\n<li>Berufserfahrung im Bereich CNC-Abkanten von Vorteil<\/li>\n<li>Schwei\u00dfkenntnisse von Vorteil<\/li>\n<li>Gutes r\u00e4umliches Vorstellungsverm\u00f6gen<\/li>\n<li>Abgeleisteter Pr\u00e4senz-\/Zivildienst<\/li>\n<li>Office 365 Kenntnisse<\/li>\n<li>Physische Belastbarkeit und Durchhalteverm\u00f6gen<\/li>\n<li>Ordnungssinn und Gewissenhaftigkeit<\/li>\n<li>Bereitschaft zum Schichtbetrieb<\/li>\n<li>Selbst\u00e4ndigkeit und Stre\u00dfbelastbarkeit<\/li>\n<li>Teamf\u00e4higkeit<\/li>\n<\/ul>\n<p>&nbsp;<\/p>\n<p><strong>Aufgaben:<\/strong><\/p>\n<ul>\n<li>Bedienung und Programmierung der CNC Abkantmaschinen mit kontinuierlicher Prozessoptimierung<\/li>\n<li>\u00dcberwachung und Einstellen der Maschinen<\/li>\n<li>Wartung und Instandhaltung<\/li>\n<li>Behebung von Fehlern und St\u00f6rungen<\/li>\n<li>Entdeckung von Verbesserungspotentialen<\/li>\n<\/ul>\n<p>&nbsp;<\/p>\n<p>Wir bieten Ihnen eine Entlohnung laut Kollektivvertrag, \u00dcberzahlung je nach Ausbildung, Qualifikation und Erfahrung.<br \/>\nSenden Sie uns Ihre Bewerbung bitte als\u00a0<strong>.pdf<\/strong>\u00a0an\u00a0<a href=\"mailto:office@spm-gmbh.at\">office@spm-gmbh.at<\/a><\/p>\n<\/div>\n\t\t            <\/div>\n\t\t        <\/div>\n\t\t    <\/div>\n\t   \t\t<\/div>\n<\/div>        <\/div>\n    <\/div>\n<\/section>\n","protected":false},"excerpt":{"rendered":"Wir suchen Verst\u00e4rkung! Reinigungskraft im Ausma\u00df von 15 Wochenstunden Anforderungsprofil:\u00a0 Berufserfahrung als Reinigungskraft von Vorteil Ordnungssinn und Gewissenhaftigkeit Freundliches und gepflegtes Auftreten Deutschkenntnisse und Freude an der Dienstleistung &nbsp; Aufgaben:\u00a0 Reinigung des gesamten Produktions- und B\u00fcrobereichs sowie Reinigung der Personal-, Sanit\u00e4r-, und Aufenthaltsr\u00e4ume Funktionsgerechte Bedienung der Ger\u00e4te sowie fachgerechte M\u00fcllentsorgung &nbsp; Wir bieten Ihnen eine","protected":false},"author":2,"featured_media":0,"parent":0,"menu_order":0,"comment_status":"closed","ping_status":"closed","template":"","meta":{"_monsterinsights_skip_tracking":false,"_monsterinsights_sitenote_active":false,"_monsterinsights_sitenote_note":"","_monsterinsights_sitenote_category":0,"footnotes":""},"class_list":["post-736","page","type-page","status-publish","hentry"],"_links":{"self":[{"href":"https:\/\/www.spm-gmbh.at\/index.php?rest_route=\/wp\/v2\/pages\/736","targetHints":{"allow":["GET"]}}],"collection":[{"href":"https:\/\/www.spm-gmbh.at\/index.php?rest_route=\/wp\/v2\/pages"}],"about":[{"href":"https:\/\/www.spm-gmbh.at\/index.php?rest_route=\/wp\/v2\/types\/page"}],"author":[{"embeddable":true,"href":"https:\/\/www.spm-gmbh.at\/index.php?rest_route=\/wp\/v2\/users\/2"}],"replies":[{"embeddable":true,"href":"https:\/\/www.spm-gmbh.at\/index.php?rest_route=%2Fwp%2Fv2%2Fcomments&post=736"}],"version-history":[{"count":16,"href":"https:\/\/www.spm-gmbh.at\/index.php?rest_route=\/wp\/v2\/pages\/736\/revisions"}],"predecessor-version":[{"id":1053,"href":"https:\/\/www.spm-gmbh.at\/index.php?rest_route=\/wp\/v2\/pages\/736\/revisions\/1053"}],"wp:attachment":[{"href":"https:\/\/www.spm-gmbh.at\/index.php?rest_route=%2Fwp%2Fv2%2Fmedia&parent=736"}],"curies":[{"name":"wp","href":"https:\/\/api.w.org\/{rel}","templated":true}]}}