{"id":983,"date":"2019-08-23T04:53:55","date_gmt":"2019-08-23T04:53:55","guid":{"rendered":"http:\/\/www.spm-gmbh.at\/?page_id=983"},"modified":"2019-08-23T04:53:55","modified_gmt":"2019-08-23T04:53:55","slug":"anfahrt","status":"publish","type":"page","link":"https:\/\/www.spm-gmbh.at\/?page_id=983","title":{"rendered":"Anfahrt"},"content":{"rendered":"<section class=\"section  text-normal section-text-no-shadow section-inner-no-shadow section-normal section-opaque\"  >\n            <div class=\"background-media\" style=\"background-image: url(&#039;https:\/\/www.spm-gmbh.at\/wp-content\/uploads\/2016\/02\/IMG_5019.jpg&#039;); background-repeat:no-repeat; background-size:cover; background-attachment:fixed; background-position: 50% 0%;\" data-start=\"background-position: 50% -31px\" data-0-top-bottom=\"background-position: 50% 50px\">\n                    <\/div>\n    \n    <div class=\"background-overlay grid-overlay-0 \" style=\"background-color: rgba(1,192,225,0.8);\"><\/div>\n\n    <div class=\"container container-vertical-default\">\n        <div class=\"row vertical-default\">\n            <div class=\"col-md-2     text-center small-screen-default\"  ><\/div><div class=\"col-md-8     text-center small-screen-default\"  ><h1 class=\"text-default  element-top-70 element-bottom-0 text-light os-animation big default\" data-os-animation=\"fadeIn\" data-os-animation-delay=\"0s\" >\n    Anfahrt<\/h1><div class=\"divider-border  divider-border-center element-top-10 element-bottom-10 os-animation\" data-os-animation=\"fadeIn\" data-os-animation-delay=\"0.1s\"  style=\"height:3px;\">\n    <div class=\"divider-border-inner\"  style=\"background:#ffffff; width:60px;\"><\/div>\n<\/div><\/div><div class=\"col-md-2     text-default small-screen-default\"  ><\/div>        <\/div>\n    <\/div>\n<\/section>\n<section class=\"section  text-normal section-text-no-shadow section-inner-no-shadow section-normal section-opaque\"  >\n    \n    <div class=\"background-overlay grid-overlay-0 \" style=\"background-color: rgba(0,0,0,0);\"><\/div>\n\n    <div class=\"container container-vertical-default\">\n        <div class=\"row vertical-default\">\n            <div class=\"col-md-12     text-default small-screen-default\"  ><div class=\"col-text-1 text-normal  element-top-20 element-bottom-20\" data-os-animation=\"none\" data-os-animation-delay=\"0s\">\n    <p style=\"text-align: center;\"><strong>SCH\u00d6RGENHUMER PR\u00c4ZISIONSMECHANIK GESMBH<\/strong><br \/>\nD\u00f6stling 9<br \/>\n5121 Tarsdorf<\/p>\n<p style=\"text-align: center;\">Telefon\u00a0+43 (0) 6278 6205<br \/>\nFax +43 (0) 6278 6205-33<br \/>\n<a href=\"mailto:office@spm-gmbh.at\">office@spm-gmbh.at<\/a><\/p>\n<\/div>\n<div class=\"divider-wrapper \" style=\"visibility:hidden;background-color:#FFFFFF\">\n    <div class=\"visible-xs\" style=\"height:24px;\"><\/div>\n    <div class=\"visible-sm\" style=\"height:24px;\"><\/div>\n    <div class=\"visible-md\" style=\"height:24px;\"><\/div>\n    <div class=\"visible-lg\" style=\"height:24px;\"><\/div>\n<\/div><\/div>        <\/div>\n    <\/div>\n<\/section>\n<section class=\"section  text-normal section-text-no-shadow section-inner-no-shadow section-normal section-opaque\"  >\n    \n    <div class=\"background-overlay grid-overlay-0 \" style=\"background-color: rgba(255,255,255,0);\"><\/div>\n\n    <div class=\"container container-vertical-default\">\n        <div class=\"row vertical-default\">\n            <div class=\"col-md-12     text-center small-screen-default col-border-bottom\"  ><div class=\"row \"><div class=\"col-md-6     text-left small-screen-center os-animation\" data-os-animation=\"fadeInLeft\" data-os-animation-delay=\"0.3s\" ><div class=\"divider-wrapper \" style=\"visibility:hide;background-color:#FFFFF\">\n    <div class=\"visible-xs\" style=\"height:60px;\"><\/div>\n    <div class=\"visible-sm\" style=\"height:60px;\"><\/div>\n    <div class=\"visible-md\" style=\"height:60px;\"><\/div>\n    <div class=\"visible-lg\" style=\"height:60px;\"><\/div>\n<\/div><div class=\"col-text-1 text-normal  element-top-20 element-bottom-0\" data-os-animation=\"none\" data-os-animation-delay=\"0s\">\n    <p><strong>So finden Sie uns:<\/strong><\/p>\n<ul>\n<li>Abfahrt A1 Salzburg Nord Richtung Oberndorf bei Salzburg (ca. 20 Km)<\/li>\n<li>Von Oberndorf gehts weiter in Richtung Ostermiething (ca. 13 Km)<\/li>\n<li>In Ostermiething angekommen fahren Sie Richtung Tarsdorf.<\/li>\n<li>Nach ca. 1,3 km befindet sich eine Bushaltestelle.<\/li>\n<li>Vor dieser Bushaltestelle links einbiegen.<\/li>\n<\/ul>\n<p><strong>\u00a0<\/strong><\/p>\n<\/div>\n<\/div><div class=\"col-md-6     text-left small-screen-left os-animation\" data-os-animation=\"fadeInRight\" data-os-animation-delay=\"0.3s\" ><div class=\"divider-wrapper \" style=\"visibility:hide;background-color:#FFFFF\">\n    <div class=\"visible-xs\" style=\"height:60px;\"><\/div>\n    <div class=\"visible-sm\" style=\"height:60px;\"><\/div>\n    <div class=\"visible-md\" style=\"height:60px;\"><\/div>\n    <div class=\"visible-lg\" style=\"height:60px;\"><\/div>\n<\/div><div class=\"col-text-1 text-normal  element-top-20 element-bottom-20\" data-os-animation=\"none\" data-os-animation-delay=\"0s\">\n    <p><iframe loading=\"lazy\" style=\"border: 0;\" src=\"https:\/\/www.google.com\/maps\/embed?pb=!1m18!1m12!1m3!1d687071.4649845031!2d12.270795843471307!3d48.061305758242284!2m3!1f0!2f0!3f0!3m2!1i1024!2i768!4f13.1!3m3!1m2!1s0x4775d467e9ae2299%3A0xd0bef3dddaf895da!2zRMO2c3RsaW5nIDksIDUxMjEgRMO2c3RsaW5n!5e0!3m2!1sde!2sat!4v1560105708298!5m2!1sde!2sat\" width=\"600\" height=\"450\" frameborder=\"0\" allowfullscreen=\"allowfullscreen\"><\/iframe><\/p>\n<\/div>\n<div class=\"divider-wrapper \" style=\"visibility:hide;background-color:#FFFFF\">\n    <div class=\"visible-xs\" style=\"height:60px;\"><\/div>\n    <div class=\"visible-sm\" style=\"height:60px;\"><\/div>\n    <div class=\"visible-md\" style=\"height:60px;\"><\/div>\n    <div class=\"visible-lg\" style=\"height:60px;\"><\/div>\n<\/div><\/div><\/div><\/div>        <\/div>\n    <\/div>\n<\/section>\n","protected":false},"excerpt":{"rendered":"Anfahrt SCH\u00d6RGENHUMER PR\u00c4ZISIONSMECHANIK GESMBH D\u00f6stling 9 5121 Tarsdorf Telefon\u00a0+43 (0) 6278 6205 Fax +43 (0) 6278 6205-33 office@spm-gmbh.at So finden Sie uns: Abfahrt A1 Salzburg Nord Richtung Oberndorf bei Salzburg (ca. 20 Km) Von Oberndorf gehts weiter in Richtung Ostermiething (ca. 13 Km) In Ostermiething angekommen fahren Sie Richtung Tarsdorf. Nach ca. 1,3 km befindet","protected":false},"author":2,"featured_media":0,"parent":0,"menu_order":0,"comment_status":"open","ping_status":"open","template":"","meta":{"_monsterinsights_skip_tracking":false,"_monsterinsights_sitenote_active":false,"_monsterinsights_sitenote_note":"","_monsterinsights_sitenote_category":0,"footnotes":""},"class_list":["post-983","page","type-page","status-publish","hentry"],"_links":{"self":[{"href":"https:\/\/www.spm-gmbh.at\/index.php?rest_route=\/wp\/v2\/pages\/983","targetHints":{"allow":["GET"]}}],"collection":[{"href":"https:\/\/www.spm-gmbh.at\/index.php?rest_route=\/wp\/v2\/pages"}],"about":[{"href":"https:\/\/www.spm-gmbh.at\/index.php?rest_route=\/wp\/v2\/types\/page"}],"author":[{"embeddable":true,"href":"https:\/\/www.spm-gmbh.at\/index.php?rest_route=\/wp\/v2\/users\/2"}],"replies":[{"embeddable":true,"href":"https:\/\/www.spm-gmbh.at\/index.php?rest_route=%2Fwp%2Fv2%2Fcomments&post=983"}],"version-history":[{"count":1,"href":"https:\/\/www.spm-gmbh.at\/index.php?rest_route=\/wp\/v2\/pages\/983\/revisions"}],"predecessor-version":[{"id":984,"href":"https:\/\/www.spm-gmbh.at\/index.php?rest_route=\/wp\/v2\/pages\/983\/revisions\/984"}],"wp:attachment":[{"href":"https:\/\/www.spm-gmbh.at\/index.php?rest_route=%2Fwp%2Fv2%2Fmedia&parent=983"}],"curies":[{"name":"wp","href":"https:\/\/api.w.org\/{rel}","templated":true}]}}